{"id":364,"date":"2024-07-10T23:40:58","date_gmt":"2024-07-10T23:40:58","guid":{"rendered":"https:\/\/sysopweb.com.mx\/arzyz\/?page_id=364"},"modified":"2024-07-10T23:45:43","modified_gmt":"2024-07-10T23:45:43","slug":"gobernanza","status":"publish","type":"page","link":"https:\/\/sysopweb.com.mx\/arzyz\/gobernanza\/","title":{"rendered":"Gobernanza"},"content":{"rendered":"\t\t<div data-elementor-type=\"wp-page\" data-elementor-id=\"364\" class=\"elementor elementor-364\" data-elementor-post-type=\"page\">\n\t\t\t\t\t\t<section class=\"elementor-section elementor-top-section elementor-element elementor-element-fabd49b elementor-section-height-min-height elementor-section-boxed elementor-section-height-default elementor-section-items-middle\" data-id=\"fabd49b\" data-element_type=\"section\" data-settings=\"{&quot;background_background&quot;:&quot;classic&quot;}\">\n\t\t\t\t\t\t\t<div class=\"elementor-background-overlay\"><\/div>\n\t\t\t\t\t\t\t<div class=\"elementor-container elementor-column-gap-default\">\n\t\t\t\t\t<div class=\"elementor-column elementor-col-100 elementor-top-column elementor-element elementor-element-48e2f97\" data-id=\"48e2f97\" data-element_type=\"column\">\n\t\t\t<div class=\"elementor-widget-wrap elementor-element-populated\">\n\t\t\t\t\t\t<div class=\"elementor-element elementor-element-ec141a9 elementor-widget__width-inherit elementor-widget elementor-widget-hub_fancy_heading\" data-id=\"ec141a9\" data-element_type=\"widget\" data-widget_type=\"hub_fancy_heading.default\">\n\t\t\t\t<div class=\"elementor-widget-container\">\n\t\t\t\n\t\t<div id=\"ld-fancy-heading-69e37a5fb6faa\" class=\"ld-fancy-heading pos-rel\">\n\t\t\t<h1 class=\"ld-fh-element d-inline-block pos-rel  elementor-heading-title lqd-highlight-classic lqd-highlight-grow-left h1\"  > <b>Gobernanza<\/b> y \u00c9tica Empresarial<\/h1>\t\t<\/div>\n\n\t\t\t\t<\/div>\n\t\t\t\t<\/div>\n\t\t\t\t<div class=\"elementor-element elementor-element-4740bd3 elementor-icon-list--layout-inline elementor-list-item-link-full_width elementor-widget elementor-widget-icon-list\" data-id=\"4740bd3\" data-element_type=\"widget\" data-widget_type=\"icon-list.default\">\n\t\t\t\t<div class=\"elementor-widget-container\">\n\t\t\t<link rel=\"stylesheet\" href=\"https:\/\/sysopweb.com.mx\/arzyz\/wp-content\/plugins\/elementor\/assets\/css\/widget-icon-list.min.css\">\t\t<ul class=\"elementor-icon-list-items elementor-inline-items\">\n\t\t\t\t\t\t\t<li class=\"elementor-icon-list-item elementor-inline-item\">\n\t\t\t\t\t\t\t\t\t\t\t<a href=\"https:\/\/sysopweb.com.mx\/arzyz\/sostenibilidad\/\">\n\n\t\t\t\t\t\t\t\t\t\t\t<span class=\"elementor-icon-list-text\">Sostenibilidad<\/span>\n\t\t\t\t\t\t\t\t\t\t\t<\/a>\n\t\t\t\t\t\t\t\t\t<\/li>\n\t\t\t\t\t\t\t\t<li class=\"elementor-icon-list-item elementor-inline-item\">\n\t\t\t\t\t\t\t\t\t\t\t<span class=\"elementor-icon-list-icon\">\n\t\t\t\t\t\t\t<svg aria-hidden=\"true\" class=\"e-font-icon-svg e-fas-long-arrow-alt-right\" viewBox=\"0 0 448 512\" xmlns=\"http:\/\/www.w3.org\/2000\/svg\"><path d=\"M313.941 216H12c-6.627 0-12 5.373-12 12v56c0 6.627 5.373 12 12 12h301.941v46.059c0 21.382 25.851 32.09 40.971 16.971l86.059-86.059c9.373-9.373 9.373-24.569 0-33.941l-86.059-86.059c-15.119-15.119-40.971-4.411-40.971 16.971V216z\"><\/path><\/svg>\t\t\t\t\t\t<\/span>\n\t\t\t\t\t\t\t\t\t\t<span class=\"elementor-icon-list-text\">Gobernanza<\/span>\n\t\t\t\t\t\t\t\t\t<\/li>\n\t\t\t\t\t\t<\/ul>\n\t\t\t\t<\/div>\n\t\t\t\t<\/div>\n\t\t\t\t\t<\/div>\n\t\t<\/div>\n\t\t\t\t\t<\/div>\n\t\t<\/section>\n\t\t\t\t<section class=\"elementor-section elementor-top-section elementor-element elementor-element-2a5ffa4 elementor-section-full_width elementor-section-content-middle elementor-reverse-mobile elementor-section-height-default elementor-section-height-default\" data-id=\"2a5ffa4\" data-element_type=\"section\">\n\t\t\t\t\t\t<div class=\"elementor-container elementor-column-gap-no\">\n\t\t\t\t\t<div class=\"elementor-column elementor-col-50 elementor-top-column elementor-element elementor-element-e7df303\" data-id=\"e7df303\" data-element_type=\"column\">\n\t\t\t<div class=\"elementor-widget-wrap elementor-element-populated\">\n\t\t\t\t\t\t<div class=\"elementor-element elementor-element-85a1589 elementor-widget elementor-widget-hub_fancy_heading\" data-id=\"85a1589\" data-element_type=\"widget\" data-widget_type=\"hub_fancy_heading.default\">\n\t\t\t\t<div class=\"elementor-widget-container\">\n\t\t\t\n\t\t<div id=\"ld-fancy-heading-69e37a5fb91b9\" class=\"ld-fancy-heading pos-rel\">\n\t\t\t<h2 class=\"ld-fh-element d-inline-block pos-rel  elementor-heading-title lqd-highlight-classic lqd-highlight-grow-left h2\"  > <span style=\"color: #00b64e;font-weight: bold\">A.<\/span> Pr\u00e1cticas de Buen Gobierno<\/h2>\t\t<\/div>\n\n\t\t\t\t<\/div>\n\t\t\t\t<\/div>\n\t\t\t\t<div class=\"elementor-element elementor-element-d4fc016 elementor-widget elementor-widget-hub_fancy_heading\" data-id=\"d4fc016\" data-element_type=\"widget\" data-widget_type=\"hub_fancy_heading.default\">\n\t\t\t\t<div class=\"elementor-widget-container\">\n\t\t\t\n\t\t<div id=\"ld-fancy-heading-69e37a5fb9894\" class=\"ld-fancy-heading pos-rel\">\n\t\t\t<p class=\"ld-fh-element d-inline-block pos-rel  lqd-highlight-classic lqd-highlight-grow-left p\"  > La transparencia y la integridad son fundamentales en ARZYZ. Adoptamos pol\u00edticas claras de gobernanza que aseguran la rendici\u00f3n de cuentas en todos los niveles de la empresa. Celebramos reuniones regulares de revisi\u00f3n de cumplimiento y estamos sujetos a auditor\u00edas externas para garantizar la adhesi\u00f3n a nuestras normas \u00e9ticas.<\/p>\t\t<\/div>\n\n\t\t\t\t<\/div>\n\t\t\t\t<\/div>\n\t\t\t\t\t<\/div>\n\t\t<\/div>\n\t\t\t\t<div class=\"elementor-column elementor-col-50 elementor-top-column elementor-element elementor-element-05ffd53\" data-id=\"05ffd53\" data-element_type=\"column\" data-settings=\"{&quot;background_background&quot;:&quot;classic&quot;}\">\n\t\t\t<div class=\"elementor-widget-wrap elementor-element-populated\">\n\t\t\t\t\t\t<div class=\"elementor-element elementor-element-6410365 elementor-hidden-desktop elementor-hidden-tablet elementor-hidden-mobile elementor-widget elementor-widget-image\" data-id=\"6410365\" data-element_type=\"widget\" data-widget_type=\"image.default\">\n\t\t\t\t<div class=\"elementor-widget-container\">\n\t\t\t<style>\/*! elementor - v3.23.0 - 05-08-2024 *\/\n.elementor-widget-image{text-align:center}.elementor-widget-image a{display:inline-block}.elementor-widget-image a img[src$=\".svg\"]{width:48px}.elementor-widget-image img{vertical-align:middle;display:inline-block}<\/style>\t\t\t\t\t\t\t\t\t\t<img fetchpriority=\"high\" decoding=\"async\" width=\"780\" height=\"585\" src=\"https:\/\/sysopweb.com.mx\/arzyz\/wp-content\/uploads\/2024\/06\/IMG-20210901-WA0000-1024x768.jpg\" class=\"attachment-large size-large wp-image-132\" alt=\"\" srcset=\"https:\/\/sysopweb.com.mx\/arzyz\/wp-content\/uploads\/2024\/06\/IMG-20210901-WA0000-1024x768.jpg 1024w, https:\/\/sysopweb.com.mx\/arzyz\/wp-content\/uploads\/2024\/06\/IMG-20210901-WA0000-300x225.jpg 300w, https:\/\/sysopweb.com.mx\/arzyz\/wp-content\/uploads\/2024\/06\/IMG-20210901-WA0000-16x12.jpg 16w, https:\/\/sysopweb.com.mx\/arzyz\/wp-content\/uploads\/2024\/06\/IMG-20210901-WA0000.jpg 1280w\" sizes=\"(max-width: 780px) 100vw, 780px\" \/>\t\t\t\t\t\t\t\t\t\t\t\t\t<\/div>\n\t\t\t\t<\/div>\n\t\t\t\t\t<\/div>\n\t\t<\/div>\n\t\t\t\t\t<\/div>\n\t\t<\/section>\n\t\t\t\t<section class=\"elementor-section elementor-top-section elementor-element elementor-element-9475985 elementor-section-full_width elementor-section-content-middle elementor-reverse-mobile elementor-section-height-default elementor-section-height-default\" data-id=\"9475985\" data-element_type=\"section\">\n\t\t\t\t\t\t<div class=\"elementor-container elementor-column-gap-no\">\n\t\t\t\t\t<div class=\"elementor-column elementor-col-50 elementor-top-column elementor-element elementor-element-e16b107\" data-id=\"e16b107\" data-element_type=\"column\" data-settings=\"{&quot;background_background&quot;:&quot;classic&quot;}\">\n\t\t\t<div class=\"elementor-widget-wrap elementor-element-populated\">\n\t\t\t\t\t\t<div class=\"elementor-element elementor-element-13c8e83 elementor-hidden-desktop elementor-hidden-tablet elementor-hidden-mobile elementor-widget elementor-widget-image\" data-id=\"13c8e83\" data-element_type=\"widget\" data-widget_type=\"image.default\">\n\t\t\t\t<div class=\"elementor-widget-container\">\n\t\t\t\t\t\t\t\t\t\t\t\t\t<img decoding=\"async\" width=\"780\" height=\"585\" src=\"data:image\/svg+xml;charset=utf-8,%3Csvg xmlns%3D&#039;http%3A%2F%2Fwww.w3.org%2F2000%2Fsvg&#039; viewBox%3D&#039;0 0 1024 768&#039;%2F%3E\" class=\"attachment-large size-large wp-image-132 ld-lazyload\" alt=\"\" data-src=\"https:\/\/sysopweb.com.mx\/arzyz\/wp-content\/uploads\/2024\/06\/IMG-20210901-WA0000-1024x768.jpg\" data-srcset=\"https:\/\/sysopweb.com.mx\/arzyz\/wp-content\/uploads\/2024\/06\/IMG-20210901-WA0000-1024x768.jpg 1024w, https:\/\/sysopweb.com.mx\/arzyz\/wp-content\/uploads\/2024\/06\/IMG-20210901-WA0000-300x225.jpg 300w, https:\/\/sysopweb.com.mx\/arzyz\/wp-content\/uploads\/2024\/06\/IMG-20210901-WA0000-16x12.jpg 16w, https:\/\/sysopweb.com.mx\/arzyz\/wp-content\/uploads\/2024\/06\/IMG-20210901-WA0000.jpg 1280w\" data-sizes=\"(max-width: 780px) 100vw, 780px\" data-aspect=\"1.3333333333333\" \/>\t\t\t\t\t\t\t\t\t\t\t\t\t<\/div>\n\t\t\t\t<\/div>\n\t\t\t\t\t<\/div>\n\t\t<\/div>\n\t\t\t\t<div class=\"elementor-column elementor-col-50 elementor-top-column elementor-element elementor-element-b8726ed\" data-id=\"b8726ed\" data-element_type=\"column\">\n\t\t\t<div class=\"elementor-widget-wrap elementor-element-populated\">\n\t\t\t\t\t\t<div class=\"elementor-element elementor-element-3247083 elementor-widget elementor-widget-hub_fancy_heading\" data-id=\"3247083\" data-element_type=\"widget\" data-widget_type=\"hub_fancy_heading.default\">\n\t\t\t\t<div class=\"elementor-widget-container\">\n\t\t\t\n\t\t<div id=\"ld-fancy-heading-69e37a5fbeaac\" class=\"ld-fancy-heading pos-rel\">\n\t\t\t<h2 class=\"ld-fh-element d-inline-block pos-rel  elementor-heading-title lqd-highlight-classic lqd-highlight-grow-left h2\"  > <span style=\"color: #00b64e;font-weight: bold\">B.<\/span> Cumplimiento Normativo y Certificaciones<\/h2>\t\t<\/div>\n\n\t\t\t\t<\/div>\n\t\t\t\t<\/div>\n\t\t\t\t<div class=\"elementor-element elementor-element-eeeadac elementor-widget elementor-widget-hub_fancy_heading\" data-id=\"eeeadac\" data-element_type=\"widget\" data-widget_type=\"hub_fancy_heading.default\">\n\t\t\t\t<div class=\"elementor-widget-container\">\n\t\t\t\n\t\t<div id=\"ld-fancy-heading-69e37a5fbf127\" class=\"ld-fancy-heading pos-rel\">\n\t\t\t<p class=\"ld-fh-element d-inline-block pos-rel  lqd-highlight-classic lqd-highlight-grow-left p\"  > En ARZYZ, nuestro compromiso con la excelencia y la responsabilidad ambiental, social y de gobernanza es fundamental para nuestra operaci\u00f3n. Estamos certificados en ISO 9001 y 14001, reflejando nuestro enfoque en la calidad y la gesti\u00f3n ambiental. Adem\u00e1s, tenemos la certificaci\u00f3n ISO 45001, que destaca nuestro compromiso con la seguridad y la salud en el trabajo.<\/p>\t\t<\/div>\n\n\t\t\t\t<\/div>\n\t\t\t\t<\/div>\n\t\t\t\t<div class=\"elementor-element elementor-element-6d860ae elementor-widget elementor-widget-hub_fancy_heading\" data-id=\"6d860ae\" data-element_type=\"widget\" data-widget_type=\"hub_fancy_heading.default\">\n\t\t\t\t<div class=\"elementor-widget-container\">\n\t\t\t\n\t\t<div id=\"ld-fancy-heading-69e37a5fbf77e\" class=\"ld-fancy-heading pos-rel\">\n\t\t\t<p class=\"ld-fh-element d-inline-block pos-rel  lqd-highlight-classic lqd-highlight-grow-left p\"  > Estamos tambi\u00e9n certificados bajo la norma IATF 16949, espec\u00edfica del sector automotriz, lo que demuestra nuestra capacidad para cumplir con los altos est\u00e1ndares de calidad y e ciencia requeridos en esta industria. Esta certificaci\u00f3n es crucial para nuestros procesos de producci\u00f3n y mejora continua, enfoc\u00e1ndonos en la prevenci\u00f3n de defectos y la reducci\u00f3n de variabilidad y desechos en la cadena de suministro.<\/p>\t\t<\/div>\n\n\t\t\t\t<\/div>\n\t\t\t\t<\/div>\n\t\t\t\t<div class=\"elementor-element elementor-element-0702483 elementor-widget elementor-widget-hub_fancy_heading\" data-id=\"0702483\" data-element_type=\"widget\" data-widget_type=\"hub_fancy_heading.default\">\n\t\t\t\t<div class=\"elementor-widget-container\">\n\t\t\t\n\t\t<div id=\"ld-fancy-heading-69e37a5fbfdd8\" class=\"ld-fancy-heading pos-rel\">\n\t\t\t<p class=\"ld-fh-element d-inline-block pos-rel  lqd-highlight-classic lqd-highlight-grow-left p\"  > Adem\u00e1s, ARZYZ ha sido reconocido como Top Employer, una distinci\u00f3n que subraya nuestro compromiso con el desarrollo de pol\u00edticas de recursos humanos excepcionales, proporcionando un ambiente de trabajo que promueve el crecimiento personal y profesional de nuestros empleados.<\/p>\t\t<\/div>\n\n\t\t\t\t<\/div>\n\t\t\t\t<\/div>\n\t\t\t\t<div class=\"elementor-element elementor-element-66a2dfe elementor-widget elementor-widget-hub_fancy_heading\" data-id=\"66a2dfe\" data-element_type=\"widget\" data-widget_type=\"hub_fancy_heading.default\">\n\t\t\t\t<div class=\"elementor-widget-container\">\n\t\t\t\n\t\t<div id=\"ld-fancy-heading-69e37a5fc0430\" class=\"ld-fancy-heading pos-rel\">\n\t\t\t<p class=\"ld-fh-element d-inline-block pos-rel  lqd-highlight-classic lqd-highlight-grow-left p\"  > Finalmente, ostentamos la insignia de Empresa Socialmente Responsable (ESR), otorgada por Cemefi, que certifica nuestro compromiso constante con la gesti\u00f3n socialmente responsable como parte de nuestra cultura y estrategia de negocio. Esta certificaci\u00f3n es un testimonio de nuestro esfuerzo por integrar objetivos econ\u00f3micos, sociales y ambientales con nuestra operaci\u00f3n diaria, enfoc\u00e1ndonos en el bienestar de nuestros empleados, la comunidad y el medio ambiente.<\/p>\t\t<\/div>\n\n\t\t\t\t<\/div>\n\t\t\t\t<\/div>\n\t\t\t\t<div class=\"elementor-element elementor-element-79ea417 elementor-widget elementor-widget-hub_fancy_heading\" data-id=\"79ea417\" data-element_type=\"widget\" data-widget_type=\"hub_fancy_heading.default\">\n\t\t\t\t<div class=\"elementor-widget-container\">\n\t\t\t\n\t\t<div id=\"ld-fancy-heading-69e37a5fc0a8f\" class=\"ld-fancy-heading pos-rel\">\n\t\t\t<p class=\"ld-fh-element d-inline-block pos-rel  lqd-highlight-classic lqd-highlight-grow-left p\"  > Cada una de estas certificaciones no solo valida nuestros procedimientos internos, sino que tambi\u00e9n nos ayuda a mantenernos como l\u00edderes en el sector, comprometidos con los m\u00e1s altos est\u00e1ndares de calidad, seguridad y responsabilidad corporativa.<\/p>\t\t<\/div>\n\n\t\t\t\t<\/div>\n\t\t\t\t<\/div>\n\t\t\t\t\t<\/div>\n\t\t<\/div>\n\t\t\t\t\t<\/div>\n\t\t<\/section>\n\t\t\t\t<\/div>\n\t\t","protected":false},"excerpt":{"rendered":"<p>Gobernanza y \u00c9tica Empresarial Sostenibilidad Gobernanza A. Pr\u00e1cticas de Buen Gobierno La transparencia y la integridad son fundamentales en ARZYZ. Adoptamos pol\u00edticas claras de gobernanza que aseguran la rendici\u00f3n de cuentas en todos los niveles de la empresa. Celebramos reuniones regulares de revisi\u00f3n de cumplimiento y estamos sujetos a auditor\u00edas externas para garantizar la adhesi\u00f3n [&hellip;]<\/p>\n","protected":false},"author":1,"featured_media":0,"parent":0,"menu_order":0,"comment_status":"closed","ping_status":"closed","template":"","meta":{"footnotes":""},"class_list":["post-364","page","type-page","status-publish","hentry"],"_links":{"self":[{"href":"https:\/\/sysopweb.com.mx\/arzyz\/wp-json\/wp\/v2\/pages\/364","targetHints":{"allow":["GET"]}}],"collection":[{"href":"https:\/\/sysopweb.com.mx\/arzyz\/wp-json\/wp\/v2\/pages"}],"about":[{"href":"https:\/\/sysopweb.com.mx\/arzyz\/wp-json\/wp\/v2\/types\/page"}],"author":[{"embeddable":true,"href":"https:\/\/sysopweb.com.mx\/arzyz\/wp-json\/wp\/v2\/users\/1"}],"replies":[{"embeddable":true,"href":"https:\/\/sysopweb.com.mx\/arzyz\/wp-json\/wp\/v2\/comments?post=364"}],"version-history":[{"count":4,"href":"https:\/\/sysopweb.com.mx\/arzyz\/wp-json\/wp\/v2\/pages\/364\/revisions"}],"predecessor-version":[{"id":368,"href":"https:\/\/sysopweb.com.mx\/arzyz\/wp-json\/wp\/v2\/pages\/364\/revisions\/368"}],"wp:attachment":[{"href":"https:\/\/sysopweb.com.mx\/arzyz\/wp-json\/wp\/v2\/media?parent=364"}],"curies":[{"name":"wp","href":"https:\/\/api.w.org\/{rel}","templated":true}]}}