{"id":7,"date":"2024-05-28T22:41:49","date_gmt":"2024-05-28T22:41:49","guid":{"rendered":"https:\/\/sysopweb.com.mx\/arzyz\/?page_id=7"},"modified":"2024-08-29T20:07:54","modified_gmt":"2024-08-29T20:07:54","slug":"arzyz","status":"publish","type":"page","link":"https:\/\/sysopweb.com.mx\/arzyz\/","title":{"rendered":"ARZYZ"},"content":{"rendered":"\t\t<div data-elementor-type=\"wp-page\" data-elementor-id=\"7\" class=\"elementor elementor-7\" data-elementor-post-type=\"page\">\n\t\t\t\t\t\t<section class=\"elementor-section elementor-top-section elementor-element elementor-element-4e1735c7 elementor-section-height-min-height elementor-section-boxed elementor-section-height-default elementor-section-items-middle\" data-id=\"4e1735c7\" data-element_type=\"section\" data-settings=\"{&quot;background_background&quot;:&quot;slideshow&quot;,&quot;background_slideshow_gallery&quot;:[{&quot;id&quot;:13,&quot;url&quot;:&quot;https:\\\/\\\/sysopweb.com.mx\\\/arzyz\\\/wp-content\\\/uploads\\\/2024\\\/05\\\/IMG_6492.jpg&quot;},{&quot;id&quot;:132,&quot;url&quot;:&quot;https:\\\/\\\/sysopweb.com.mx\\\/arzyz\\\/wp-content\\\/uploads\\\/2024\\\/06\\\/IMG-20210901-WA0000.jpg&quot;},{&quot;id&quot;:533,&quot;url&quot;:&quot;https:\\\/\\\/sysopweb.com.mx\\\/arzyz\\\/wp-content\\\/uploads\\\/2024\\\/08\\\/imagen-1.jpg&quot;}],&quot;background_slideshow_loop&quot;:&quot;yes&quot;,&quot;background_slideshow_slide_duration&quot;:5000,&quot;background_slideshow_slide_transition&quot;:&quot;fade&quot;,&quot;background_slideshow_transition_duration&quot;:500}\">\n\t\t\t\t\t\t\t<div class=\"elementor-background-overlay\"><\/div>\n\t\t\t\t\t\t\t<div class=\"elementor-container elementor-column-gap-default\">\n\t\t\t\t\t<div class=\"elementor-column elementor-col-100 elementor-top-column elementor-element elementor-element-3265f9bd\" data-id=\"3265f9bd\" data-element_type=\"column\">\n\t\t\t<div class=\"elementor-widget-wrap elementor-element-populated\">\n\t\t\t\t\t\t<div class=\"elementor-element elementor-element-404cda74 elementor-widget__width-initial elementor-widget elementor-widget-hub_fancy_heading\" data-id=\"404cda74\" data-element_type=\"widget\" data-widget_type=\"hub_fancy_heading.default\">\n\t\t\t\t<div class=\"elementor-widget-container\">\n\t\t\t\n\t\t<div id=\"ld-fancy-heading-6a04f2d760b9a\" class=\"ld-fancy-heading pos-rel\">\n\t\t\t<h1 class=\"ld-fh-element d-inline-block pos-rel  elementor-heading-title lqd-highlight-classic lqd-highlight-grow-left h1\"  > EL <b>ALUMINIO<\/b> DE M\u00c9XICO<\/h1>\t\t<\/div>\n\n\t\t\t\t<\/div>\n\t\t\t\t<\/div>\n\t\t\t\t\t<\/div>\n\t\t<\/div>\n\t\t\t\t\t<\/div>\n\t\t<\/section>\n\t\t<div class=\"elementor-element elementor-element-d502b15 e-flex e-con-boxed e-con e-parent\" data-id=\"d502b15\" data-element_type=\"container\">\n\t\t\t\t\t<div class=\"e-con-inner\">\n\t\t\t\t<div class=\"elementor-element elementor-element-05d10be elementor-widget elementor-widget-heading\" data-id=\"05d10be\" data-element_type=\"widget\" data-widget_type=\"heading.default\">\n\t\t\t\t<div class=\"elementor-widget-container\">\n\t\t\t<style>\/*! elementor - v3.23.0 - 05-08-2024 *\/\n.elementor-heading-title{padding:0;margin:0;line-height:1}.elementor-widget-heading .elementor-heading-title[class*=elementor-size-]>a{color:inherit;font-size:inherit;line-height:inherit}.elementor-widget-heading .elementor-heading-title.elementor-size-small{font-size:15px}.elementor-widget-heading .elementor-heading-title.elementor-size-medium{font-size:19px}.elementor-widget-heading .elementor-heading-title.elementor-size-large{font-size:29px}.elementor-widget-heading .elementor-heading-title.elementor-size-xl{font-size:39px}.elementor-widget-heading .elementor-heading-title.elementor-size-xxl{font-size:59px}<\/style><h2 class=\"elementor-heading-title elementor-size-default\">La empresa de aluminio m\u00e1s innovadora de M\u00e9xico: reciclamos chatarra para producir <b>aleaciones de aluminio y lideramos la comercializaci\u00f3n de metales no ferrosos<\/b><\/h2>\t\t<\/div>\n\t\t\t\t<\/div>\n\t\t\t\t\t<\/div>\n\t\t\t\t<\/div>\n\t\t\t\t<section class=\"elementor-section elementor-top-section elementor-element elementor-element-66fceff6 elementor-section-full_width elementor-section-content-middle elementor-section-height-default elementor-section-height-default\" data-id=\"66fceff6\" data-element_type=\"section\">\n\t\t\t\t\t\t<div class=\"elementor-container elementor-column-gap-no\">\n\t\t\t\t\t<div class=\"elementor-column elementor-col-50 elementor-top-column elementor-element elementor-element-17d0876d\" data-id=\"17d0876d\" data-element_type=\"column\">\n\t\t\t<div class=\"elementor-widget-wrap elementor-element-populated\">\n\t\t\t\t\t\t<div class=\"elementor-element elementor-element-0fb9835 elementor-widget elementor-widget-ld_fancy_image\" data-id=\"0fb9835\" data-element_type=\"widget\" data-widget_type=\"ld_fancy_image.default\">\n\t\t\t\t<div class=\"elementor-widget-container\">\n\t\t\t\n\t\t<div class=\"lqd-imggrp-single d-block pos-rel \">\n\t\t\t<div class=\"lqd-imggrp-img-container d-inline-flex pos-rel align-items-center justify-content-center \">\n\t\t\t\t\t\t\t\t<figure class=\"w-100 pos-rel\">\n\t\t\t\t\t<img fetchpriority=\"high\" decoding=\"async\" width=\"6240\" height=\"4160\" src=\"https:\/\/sysopweb.com.mx\/arzyz\/wp-content\/uploads\/2024\/05\/IMG_6454.jpg\" class=\"attachment-full size-full wp-image-14\" alt=\"\" srcset=\"https:\/\/sysopweb.com.mx\/arzyz\/wp-content\/uploads\/2024\/05\/IMG_6454.jpg 6240w, https:\/\/sysopweb.com.mx\/arzyz\/wp-content\/uploads\/2024\/05\/IMG_6454-300x200.jpg 300w, https:\/\/sysopweb.com.mx\/arzyz\/wp-content\/uploads\/2024\/05\/IMG_6454-1024x683.jpg 1024w, https:\/\/sysopweb.com.mx\/arzyz\/wp-content\/uploads\/2024\/05\/IMG_6454-1536x1024.jpg 1536w, https:\/\/sysopweb.com.mx\/arzyz\/wp-content\/uploads\/2024\/05\/IMG_6454-2048x1365.jpg 2048w, https:\/\/sysopweb.com.mx\/arzyz\/wp-content\/uploads\/2024\/05\/IMG_6454-720x480.jpg 720w, https:\/\/sysopweb.com.mx\/arzyz\/wp-content\/uploads\/2024\/05\/IMG_6454-18x12.jpg 18w\" sizes=\"(max-width: 6240px) 100vw, 6240px\" itemprop=\"image\" \/>\t\t\t\t\t<span class=\"lqd-overlay lqd-imggrp-overlay-bg\"><\/span>\t\t\t\t\t\t\t\t\t\t\t\t\t\t\t\t\t\t\t\t\t\t\t\t<\/figure>\n\t\t\t<\/div>\n\t\t<\/div>\n\n\t\t\t<\/div>\n\t\t\t\t<\/div>\n\t\t\t\t\t<\/div>\n\t\t<\/div>\n\t\t\t\t<div class=\"elementor-column elementor-col-50 elementor-top-column elementor-element elementor-element-4742878c\" data-id=\"4742878c\" data-element_type=\"column\" data-settings=\"{&quot;background_background&quot;:&quot;classic&quot;}\">\n\t\t\t<div class=\"elementor-widget-wrap elementor-element-populated\">\n\t\t\t\t\t\t<div class=\"elementor-element elementor-element-4b9bf619 elementor-widget elementor-widget-hub_fancy_heading\" data-id=\"4b9bf619\" data-element_type=\"widget\" data-widget_type=\"hub_fancy_heading.default\">\n\t\t\t\t<div class=\"elementor-widget-container\">\n\t\t\t\n\t\t<div id=\"ld-fancy-heading-6a04f2d768007\" class=\"ld-fancy-heading pos-rel\">\n\t\t\t<h2 class=\"ld-fh-element d-inline-block pos-rel  elementor-heading-title lqd-highlight-classic lqd-highlight-grow-left h2\"  > Nuestras Operaciones<\/h2>\t\t<\/div>\n\n\t\t\t\t<\/div>\n\t\t\t\t<\/div>\n\t\t\t\t<div class=\"elementor-element elementor-element-7a4ecba7 elementor-widget elementor-widget-hub_fancy_heading\" data-id=\"7a4ecba7\" data-element_type=\"widget\" data-widget_type=\"hub_fancy_heading.default\">\n\t\t\t\t<div class=\"elementor-widget-container\">\n\t\t\t\n\t\t<div id=\"ld-fancy-heading-6a04f2d768696\" class=\"ld-fancy-heading pos-rel\">\n\t\t\t<p class=\"ld-fh-element d-inline-block pos-rel  lqd-highlight-classic lqd-highlight-grow-left p\"  > Contamos con 3 plantas equipadas con tecnolog\u00eda de punta para el reciclaje de chatarra de aluminio y su transformaci\u00f3n en aleaciones, las cuales nos convierten en uno de los principales proveedores de aluminio en M\u00e9xico con la m\u00e1s alta calidad.<\/p>\t\t<\/div>\n\n\t\t\t\t<\/div>\n\t\t\t\t<\/div>\n\t\t\t\t\t<\/div>\n\t\t<\/div>\n\t\t\t\t\t<\/div>\n\t\t<\/section>\n\t\t\t\t<section class=\"elementor-section elementor-top-section elementor-element elementor-element-752ec27d elementor-section-full_width elementor-section-height-default elementor-section-height-default\" data-id=\"752ec27d\" data-element_type=\"section\">\n\t\t\t\t\t\t<div class=\"elementor-container elementor-column-gap-default\">\n\t\t\t\t\t<div class=\"elementor-column elementor-col-100 elementor-top-column elementor-element elementor-element-76c6bd2b\" data-id=\"76c6bd2b\" data-element_type=\"column\">\n\t\t\t<div class=\"elementor-widget-wrap elementor-element-populated\">\n\t\t\t\t\t\t<section class=\"elementor-section elementor-inner-section elementor-element elementor-element-46385fa5 elementor-section-boxed elementor-section-height-default elementor-section-height-default\" data-id=\"46385fa5\" data-element_type=\"section\">\n\t\t\t\t\t\t<div class=\"elementor-container elementor-column-gap-default\">\n\t\t\t\t\t<div class=\"elementor-column elementor-col-100 elementor-inner-column elementor-element elementor-element-46b01e70\" data-id=\"46b01e70\" data-element_type=\"column\">\n\t\t\t<div class=\"elementor-widget-wrap elementor-element-populated\">\n\t\t\t\t\t\t<div class=\"elementor-element elementor-element-5f19c5f elementor-widget__width-auto elementor-widget elementor-widget-heading\" data-id=\"5f19c5f\" data-element_type=\"widget\" data-widget_type=\"heading.default\">\n\t\t\t\t<div class=\"elementor-widget-container\">\n\t\t\t<h2 class=\"elementor-heading-title elementor-size-default\">Industrias<\/h2>\t\t<\/div>\n\t\t\t\t<\/div>\n\t\t\t\t\t<\/div>\n\t\t<\/div>\n\t\t\t\t\t<\/div>\n\t\t<\/section>\n\t\t\t\t<section class=\"elementor-section elementor-inner-section elementor-element elementor-element-7703b027 elementor-section-full_width elementor-section-height-default elementor-section-height-default\" data-id=\"7703b027\" data-element_type=\"section\">\n\t\t\t\t\t\t<div class=\"elementor-container elementor-column-gap-default\">\n\t\t\t\t\t<div class=\"elementor-column elementor-col-25 elementor-inner-column elementor-element elementor-element-6a1d9584\" data-id=\"6a1d9584\" data-element_type=\"column\">\n\t\t\t<div class=\"elementor-widget-wrap elementor-element-populated\">\n\t\t\t\t\t\t<div class=\"elementor-element elementor-element-607867b elementor-cta--skin-cover elementor-cta--valign-bottom elementor-animated-content elementor-bg-transform elementor-bg-transform-zoom-in elementor-widget elementor-widget-call-to-action\" data-id=\"607867b\" data-element_type=\"widget\" data-widget_type=\"call-to-action.default\">\n\t\t\t\t<div class=\"elementor-widget-container\">\n\t\t\t<link rel=\"stylesheet\" href=\"https:\/\/sysopweb.com.mx\/arzyz\/wp-content\/plugins\/pro-elements\/assets\/css\/widget-call-to-action.min.css?ver=1721944423\">\t\t<div class=\"elementor-cta\">\n\t\t\t\t\t<div class=\"elementor-cta__bg-wrapper\">\n\t\t\t\t<div class=\"elementor-cta__bg elementor-bg\" style=\"background-image: url(https:\/\/sysopweb.com.mx\/arzyz\/wp-content\/uploads\/2024\/05\/596.jpg);\" role=\"img\" aria-label=\"596\"><\/div>\n\t\t\t\t<div class=\"elementor-cta__bg-overlay\"><\/div>\n\t\t\t<\/div>\n\t\t\t\t\t\t\t<div class=\"elementor-cta__content\">\n\t\t\t\t\n\t\t\t\t\t\t\t\t\t<h2 class=\"elementor-cta__title elementor-cta__content-item elementor-content-item elementor-animated-item--grow\">\n\t\t\t\t\t\tAUTOMOTRIZ\t\t\t\t\t<\/h2>\n\t\t\t\t\n\t\t\t\t\n\t\t\t\t\t\t\t<\/div>\n\t\t\t\t\t\t<\/div>\n\t\t\t\t<\/div>\n\t\t\t\t<\/div>\n\t\t\t\t\t<\/div>\n\t\t<\/div>\n\t\t\t\t<div class=\"elementor-column elementor-col-25 elementor-inner-column elementor-element elementor-element-6372238d\" data-id=\"6372238d\" data-element_type=\"column\">\n\t\t\t<div class=\"elementor-widget-wrap elementor-element-populated\">\n\t\t\t\t\t\t<div class=\"elementor-element elementor-element-3f33987 elementor-cta--skin-cover elementor-cta--valign-bottom elementor-animated-content elementor-bg-transform elementor-bg-transform-zoom-in elementor-widget elementor-widget-call-to-action\" data-id=\"3f33987\" data-element_type=\"widget\" data-widget_type=\"call-to-action.default\">\n\t\t\t\t<div class=\"elementor-widget-container\">\n\t\t\t\t\t<div class=\"elementor-cta\">\n\t\t\t\t\t<div class=\"elementor-cta__bg-wrapper\">\n\t\t\t\t<div class=\"elementor-cta__bg elementor-bg\" style=\"background-image: url(https:\/\/sysopweb.com.mx\/arzyz\/wp-content\/uploads\/2024\/06\/construccion_new.jpg);\" role=\"img\" aria-label=\"construccion_new\"><\/div>\n\t\t\t\t<div class=\"elementor-cta__bg-overlay\"><\/div>\n\t\t\t<\/div>\n\t\t\t\t\t\t\t<div class=\"elementor-cta__content\">\n\t\t\t\t\n\t\t\t\t\t\t\t\t\t<h2 class=\"elementor-cta__title elementor-cta__content-item elementor-content-item elementor-animated-item--grow\">\n\t\t\t\t\t\tCONSTRUCCI\u00d3N\t\t\t\t\t<\/h2>\n\t\t\t\t\n\t\t\t\t\n\t\t\t\t\t\t\t<\/div>\n\t\t\t\t\t\t<\/div>\n\t\t\t\t<\/div>\n\t\t\t\t<\/div>\n\t\t\t\t\t<\/div>\n\t\t<\/div>\n\t\t\t\t<div class=\"elementor-column elementor-col-25 elementor-inner-column elementor-element elementor-element-53f999af\" data-id=\"53f999af\" data-element_type=\"column\">\n\t\t\t<div class=\"elementor-widget-wrap elementor-element-populated\">\n\t\t\t\t\t\t<div class=\"elementor-element elementor-element-2560a3d elementor-cta--skin-cover elementor-cta--valign-bottom elementor-animated-content elementor-bg-transform elementor-bg-transform-zoom-in elementor-widget elementor-widget-call-to-action\" data-id=\"2560a3d\" data-element_type=\"widget\" data-widget_type=\"call-to-action.default\">\n\t\t\t\t<div class=\"elementor-widget-container\">\n\t\t\t\t\t<div class=\"elementor-cta\">\n\t\t\t\t\t<div class=\"elementor-cta__bg-wrapper\">\n\t\t\t\t<div class=\"elementor-cta__bg elementor-bg\" style=\"background-image: url(https:\/\/sysopweb.com.mx\/arzyz\/wp-content\/uploads\/2024\/06\/empaque_new.jpg);\" role=\"img\" aria-label=\"empaque_new\"><\/div>\n\t\t\t\t<div class=\"elementor-cta__bg-overlay\"><\/div>\n\t\t\t<\/div>\n\t\t\t\t\t\t\t<div class=\"elementor-cta__content\">\n\t\t\t\t\n\t\t\t\t\t\t\t\t\t<h2 class=\"elementor-cta__title elementor-cta__content-item elementor-content-item elementor-animated-item--grow\">\n\t\t\t\t\t\tEMPAQUE\t\t\t\t\t<\/h2>\n\t\t\t\t\n\t\t\t\t\n\t\t\t\t\t\t\t<\/div>\n\t\t\t\t\t\t<\/div>\n\t\t\t\t<\/div>\n\t\t\t\t<\/div>\n\t\t\t\t\t<\/div>\n\t\t<\/div>\n\t\t\t\t<div class=\"elementor-column elementor-col-25 elementor-inner-column elementor-element elementor-element-9822eea\" data-id=\"9822eea\" data-element_type=\"column\">\n\t\t\t<div class=\"elementor-widget-wrap elementor-element-populated\">\n\t\t\t\t\t\t<div class=\"elementor-element elementor-element-c51ac28 elementor-cta--skin-cover elementor-cta--valign-bottom elementor-animated-content elementor-bg-transform elementor-bg-transform-zoom-in elementor-widget elementor-widget-call-to-action\" data-id=\"c51ac28\" data-element_type=\"widget\" data-widget_type=\"call-to-action.default\">\n\t\t\t\t<div class=\"elementor-widget-container\">\n\t\t\t\t\t<div class=\"elementor-cta\">\n\t\t\t\t\t<div class=\"elementor-cta__bg-wrapper\">\n\t\t\t\t<div class=\"elementor-cta__bg elementor-bg\" style=\"background-image: url(https:\/\/sysopweb.com.mx\/arzyz\/wp-content\/uploads\/2024\/06\/electronica_new.jpg);\" role=\"img\" aria-label=\"electronica_new\"><\/div>\n\t\t\t\t<div class=\"elementor-cta__bg-overlay\"><\/div>\n\t\t\t<\/div>\n\t\t\t\t\t\t\t<div class=\"elementor-cta__content\">\n\t\t\t\t\n\t\t\t\t\t\t\t\t\t<h2 class=\"elementor-cta__title elementor-cta__content-item elementor-content-item elementor-animated-item--grow\">\n\t\t\t\t\t\tELECTR\u00d3NICA\t\t\t\t\t<\/h2>\n\t\t\t\t\n\t\t\t\t\n\t\t\t\t\t\t\t<\/div>\n\t\t\t\t\t\t<\/div>\n\t\t\t\t<\/div>\n\t\t\t\t<\/div>\n\t\t\t\t\t<\/div>\n\t\t<\/div>\n\t\t\t\t\t<\/div>\n\t\t<\/section>\n\t\t\t\t\t<\/div>\n\t\t<\/div>\n\t\t\t\t\t<\/div>\n\t\t<\/section>\n\t\t\t\t<section class=\"elementor-section elementor-top-section elementor-element elementor-element-398cbd33 elementor-section-boxed elementor-section-height-default elementor-section-height-default\" data-id=\"398cbd33\" data-element_type=\"section\" data-settings=\"{&quot;background_background&quot;:&quot;classic&quot;}\">\n\t\t\t\t\t\t<div class=\"elementor-container elementor-column-gap-default\">\n\t\t\t\t\t<div class=\"elementor-column elementor-col-33 elementor-top-column elementor-element elementor-element-d67cb25\" data-id=\"d67cb25\" data-element_type=\"column\">\n\t\t\t<div class=\"elementor-widget-wrap elementor-element-populated\">\n\t\t\t\t\t\t<div class=\"elementor-element elementor-element-13d6a525 elementor-align-center elementor-widget elementor-widget-ld_counter\" data-id=\"13d6a525\" data-element_type=\"widget\" data-widget_type=\"ld_counter.default\">\n\t\t\t\t<div class=\"elementor-widget-container\">\n\t\t\t\n\t\t<div id=\"lqd-counter-13d6a525\" class=\"lqd-counter pos-rel center lqd-counter-default\">\n\n\t\t\t\n\t\t\t<div class=\"lqd-counter-element pos-rel \" data-enable-counter=\"true\" data-counter-options=\"{&quot;targetNumber&quot;:&quot;320,000&quot;}\">\n\t\t\t\t<span class=\"d-block\">320,000<\/span>\t\t\t<\/div>\n\n\t\t\t<span class=\"lqd-counter-text \">tm\/a\u00f1o<\/span>\n\t\t<\/div>\n\n\t\t\t\t<\/div>\n\t\t\t\t<\/div>\n\t\t\t\t\t<\/div>\n\t\t<\/div>\n\t\t\t\t<div class=\"elementor-column elementor-col-33 elementor-top-column elementor-element elementor-element-18cca3ae\" data-id=\"18cca3ae\" data-element_type=\"column\">\n\t\t\t<div class=\"elementor-widget-wrap elementor-element-populated\">\n\t\t\t\t\t\t<div class=\"elementor-element elementor-element-6dac40c5 elementor-align-center elementor-widget elementor-widget-ld_counter\" data-id=\"6dac40c5\" data-element_type=\"widget\" data-widget_type=\"ld_counter.default\">\n\t\t\t\t<div class=\"elementor-widget-container\">\n\t\t\t\n\t\t<div id=\"lqd-counter-6dac40c5\" class=\"lqd-counter pos-rel center lqd-counter-default\">\n\n\t\t\t\n\t\t\t<div class=\"lqd-counter-element pos-rel \" data-enable-counter=\"true\" data-counter-options=\"{&quot;targetNumber&quot;:&quot;+3,000&quot;}\">\n\t\t\t\t<span class=\"d-block\">+3,000<\/span>\t\t\t<\/div>\n\n\t\t\t<span class=\"lqd-counter-text \">empleos directos e indirectos<\/span>\n\t\t<\/div>\n\n\t\t\t\t<\/div>\n\t\t\t\t<\/div>\n\t\t\t\t\t<\/div>\n\t\t<\/div>\n\t\t\t\t<div class=\"elementor-column elementor-col-33 elementor-top-column elementor-element elementor-element-64b60cee\" data-id=\"64b60cee\" data-element_type=\"column\">\n\t\t\t<div class=\"elementor-widget-wrap elementor-element-populated\">\n\t\t\t\t\t\t<div class=\"elementor-element elementor-element-5966db38 elementor-align-center elementor-widget elementor-widget-ld_counter\" data-id=\"5966db38\" data-element_type=\"widget\" data-widget_type=\"ld_counter.default\">\n\t\t\t\t<div class=\"elementor-widget-container\">\n\t\t\t\n\t\t<div id=\"lqd-counter-5966db38\" class=\"lqd-counter pos-rel center lqd-counter-default\">\n\n\t\t\t\n\t\t\t<div class=\"lqd-counter-element pos-rel \" data-enable-counter=\"true\" data-counter-options=\"{&quot;targetNumber&quot;:&quot;100%&quot;}\">\n\t\t\t\t<span class=\"d-block\">100%<\/span>\t\t\t<\/div>\n\n\t\t\t<span class=\"lqd-counter-text \">aleaciones de aluminio fabricadas a partir de material reciclado<\/span>\n\t\t<\/div>\n\n\t\t\t\t<\/div>\n\t\t\t\t<\/div>\n\t\t\t\t\t<\/div>\n\t\t<\/div>\n\t\t\t\t\t<\/div>\n\t\t<\/section>\n\t\t\t\t<\/div>\n\t\t","protected":false},"excerpt":{"rendered":"<p>EL ALUMINIO DE M\u00c9XICO La empresa de aluminio m\u00e1s innovadora de M\u00e9xico: reciclamos chatarra para producir aleaciones de aluminio y lideramos la comercializaci\u00f3n de metales no ferrosos Nuestras Operaciones Contamos con 3 plantas equipadas con tecnolog\u00eda de punta para el reciclaje de chatarra de aluminio y su transformaci\u00f3n en aleaciones, las cuales nos convierten en [&hellip;]<\/p>\n","protected":false},"author":1,"featured_media":0,"parent":0,"menu_order":0,"comment_status":"closed","ping_status":"closed","template":"","meta":{"footnotes":""},"class_list":["post-7","page","type-page","status-publish","hentry"],"_links":{"self":[{"href":"https:\/\/sysopweb.com.mx\/arzyz\/wp-json\/wp\/v2\/pages\/7","targetHints":{"allow":["GET"]}}],"collection":[{"href":"https:\/\/sysopweb.com.mx\/arzyz\/wp-json\/wp\/v2\/pages"}],"about":[{"href":"https:\/\/sysopweb.com.mx\/arzyz\/wp-json\/wp\/v2\/types\/page"}],"author":[{"embeddable":true,"href":"https:\/\/sysopweb.com.mx\/arzyz\/wp-json\/wp\/v2\/users\/1"}],"replies":[{"embeddable":true,"href":"https:\/\/sysopweb.com.mx\/arzyz\/wp-json\/wp\/v2\/comments?post=7"}],"version-history":[{"count":62,"href":"https:\/\/sysopweb.com.mx\/arzyz\/wp-json\/wp\/v2\/pages\/7\/revisions"}],"predecessor-version":[{"id":823,"href":"https:\/\/sysopweb.com.mx\/arzyz\/wp-json\/wp\/v2\/pages\/7\/revisions\/823"}],"wp:attachment":[{"href":"https:\/\/sysopweb.com.mx\/arzyz\/wp-json\/wp\/v2\/media?parent=7"}],"curies":[{"name":"wp","href":"https:\/\/api.w.org\/{rel}","templated":true}]}}