{"id":207,"date":"2026-04-28T15:45:31","date_gmt":"2026-04-28T15:45:31","guid":{"rendered":"https:\/\/sysopweb.com.mx\/chaulyasociados\/?page_id=207"},"modified":"2026-04-28T16:46:47","modified_gmt":"2026-04-28T16:46:47","slug":"nosotros","status":"publish","type":"page","link":"https:\/\/sysopweb.com.mx\/chaulyasociados\/nosotros\/","title":{"rendered":"Nosotros"},"content":{"rendered":"\t\t<div data-elementor-type=\"wp-page\" data-elementor-id=\"207\" class=\"elementor elementor-207\" data-elementor-post-type=\"page\">\n\t\t\t\t<div class=\"elementor-element elementor-element-3c66910 e-flex e-con-boxed e-con e-parent\" data-id=\"3c66910\" data-element_type=\"container\" data-e-type=\"container\" data-settings=\"{&quot;background_background&quot;:&quot;classic&quot;,&quot;shape_divider_bottom&quot;:&quot;mountains&quot;,&quot;ekit_has_onepagescroll_dot&quot;:&quot;yes&quot;}\">\n\t\t\t\t\t<div class=\"e-con-inner\">\n\t\t\t\t<div class=\"elementor-shape elementor-shape-bottom\" aria-hidden=\"true\" data-negative=\"false\">\n\t\t\t<svg xmlns=\"http:\/\/www.w3.org\/2000\/svg\" viewBox=\"0 0 1000 100\" preserveAspectRatio=\"none\">\n\t<path class=\"elementor-shape-fill\" opacity=\"0.33\" d=\"M473,67.3c-203.9,88.3-263.1-34-320.3,0C66,119.1,0,59.7,0,59.7V0h1000v59.7 c0,0-62.1,26.1-94.9,29.3c-32.8,3.3-62.8-12.3-75.8-22.1C806,49.6,745.3,8.7,694.9,4.7S492.4,59,473,67.3z\"\/>\n\t<path class=\"elementor-shape-fill\" opacity=\"0.66\" d=\"M734,67.3c-45.5,0-77.2-23.2-129.1-39.1c-28.6-8.7-150.3-10.1-254,39.1 s-91.7-34.4-149.2,0C115.7,118.3,0,39.8,0,39.8V0h1000v36.5c0,0-28.2-18.5-92.1-18.5C810.2,18.1,775.7,67.3,734,67.3z\"\/>\n\t<path class=\"elementor-shape-fill\" d=\"M766.1,28.9c-200-57.5-266,65.5-395.1,19.5C242,1.8,242,5.4,184.8,20.6C128,35.8,132.3,44.9,89.9,52.5C28.6,63.7,0,0,0,0 h1000c0,0-9.9,40.9-83.6,48.1S829.6,47,766.1,28.9z\"\/>\n<\/svg>\t\t<\/div>\n\t\t\t\t<div class=\"elementor-element elementor-element-99e7192 elementor-widget__width-inherit elementor-invisible elementor-widget elementor-widget-heading\" data-id=\"99e7192\" data-element_type=\"widget\" data-e-type=\"widget\" data-settings=\"{&quot;_animation&quot;:&quot;fadeInUp&quot;,&quot;ekit_we_effect_on&quot;:&quot;none&quot;}\" data-widget_type=\"heading.default\">\n\t\t\t\t<div class=\"elementor-widget-container\">\n\t\t\t\t\t<h2 class=\"elementor-heading-title elementor-size-default\">Nosotros<\/h2>\t\t\t\t<\/div>\n\t\t\t\t<\/div>\n\t\t\t\t\t<\/div>\n\t\t\t\t<\/div>\n\t\t<div class=\"elementor-element elementor-element-de2df6b e-flex e-con-boxed e-con e-parent\" data-id=\"de2df6b\" data-element_type=\"container\" data-e-type=\"container\" data-settings=\"{&quot;ekit_has_onepagescroll_dot&quot;:&quot;yes&quot;}\">\n\t\t\t\t\t<div class=\"e-con-inner\">\n\t\t<div class=\"elementor-element elementor-element-a0d24e7 e-con-full e-flex elementor-invisible e-con e-child\" data-id=\"a0d24e7\" data-element_type=\"container\" data-e-type=\"container\" data-settings=\"{&quot;animation&quot;:&quot;fadeInRight&quot;,&quot;ekit_has_onepagescroll_dot&quot;:&quot;yes&quot;}\">\n\t\t\t\t<div class=\"elementor-element elementor-element-0dd52e3 elementor-widget elementor-widget-heading\" data-id=\"0dd52e3\" data-element_type=\"widget\" data-e-type=\"widget\" data-settings=\"{&quot;ekit_we_effect_on&quot;:&quot;none&quot;}\" data-widget_type=\"heading.default\">\n\t\t\t\t<div class=\"elementor-widget-container\">\n\t\t\t\t\t<h2 class=\"elementor-heading-title elementor-size-default\">Nosotros <\/h2>\t\t\t\t<\/div>\n\t\t\t\t<\/div>\n\t\t\t\t<div class=\"elementor-element elementor-element-b902ff1 elementor-widget__width-inherit elementor-widget elementor-widget-heading\" data-id=\"b902ff1\" data-element_type=\"widget\" data-e-type=\"widget\" data-settings=\"{&quot;ekit_we_effect_on&quot;:&quot;none&quot;}\" data-widget_type=\"heading.default\">\n\t\t\t\t<div class=\"elementor-widget-container\">\n\t\t\t\t\t<h2 class=\"elementor-heading-title elementor-size-default\">Tu tranquilidad es nuestra prioridad.<\/h2>\t\t\t\t<\/div>\n\t\t\t\t<\/div>\n\t\t\t\t<div class=\"elementor-element elementor-element-872ed12 elementor-widget elementor-widget-text-editor\" data-id=\"872ed12\" data-element_type=\"widget\" data-e-type=\"widget\" data-settings=\"{&quot;ekit_we_effect_on&quot;:&quot;none&quot;}\" data-widget_type=\"text-editor.default\">\n\t\t\t\t<div class=\"elementor-widget-container\">\n\t\t\t\t\t\t\t\t\t<p data-start=\"97\" data-end=\"352\">Somos un br\u00f3ker de seguros y fianzas enfocado en brindar asesor\u00eda personalizada y soluciones a la medida. Ofrecemos seguros de gastos m\u00e9dicos, vida, autos, da\u00f1os y m\u00e1s, acompa\u00f1ando a nuestros clientes desde la contrataci\u00f3n hasta la atenci\u00f3n de siniestros.<\/p><p data-start=\"354\" data-end=\"503\">Nos distinguimos por nuestro servicio cercano, soporte 24\/7 y compromiso en ayudar a cada cliente a elegir la mejor protecci\u00f3n seg\u00fan sus necesidades.<\/p><p>Fundado hace poco mas de 28 a\u00f1os, como un despacho de Asesores Especializados en Seguros, con el objetivo principal de brindar a todos sus clientes un servicio profesional de excelencia, en todo lo relacionado con Seguros en sus diversos ramos como lo son Vida, Accidentes Personales, Responsabilidad Civil, Gastos, M\u00e9dicos Mayores, Da\u00f1os, Autom\u00f3viles, camiones. incendio, Transporte de Mercanc\u00eda y Diversos.<br \/><br \/>Tambi\u00e9n contamos con una capacidad en seguros m\u00e1s especializados como Aviaci\u00f3n, T\u00e9cnicos y de Ingenier\u00eda, as\u00ed como tambi\u00e9n Fianzas Diversas<\/p>\t\t\t\t\t\t\t\t<\/div>\n\t\t\t\t<\/div>\n\t\t\t\t<\/div>\n\t\t<div class=\"elementor-element elementor-element-ccdbc15 e-con-full e-flex elementor-invisible e-con e-child\" data-id=\"ccdbc15\" data-element_type=\"container\" data-e-type=\"container\" data-settings=\"{&quot;animation&quot;:&quot;fadeInLeft&quot;,&quot;ekit_has_onepagescroll_dot&quot;:&quot;yes&quot;}\">\n\t\t\t\t<div class=\"elementor-element elementor-element-31b8d57 elementor-widget elementor-widget-image\" data-id=\"31b8d57\" data-element_type=\"widget\" data-e-type=\"widget\" data-settings=\"{&quot;ekit_we_effect_on&quot;:&quot;none&quot;}\" data-widget_type=\"image.default\">\n\t\t\t\t<div class=\"elementor-widget-container\">\n\t\t\t\t\t\t\t\t\t\t\t\t\t\t\t<img fetchpriority=\"high\" decoding=\"async\" width=\"667\" height=\"1000\" src=\"https:\/\/sysopweb.com.mx\/chaulyasociados\/wp-content\/uploads\/2026\/04\/2150164732-1.jpg\" class=\"attachment-large size-large wp-image-234\" alt=\"\" srcset=\"https:\/\/sysopweb.com.mx\/chaulyasociados\/wp-content\/uploads\/2026\/04\/2150164732-1.jpg 667w, https:\/\/sysopweb.com.mx\/chaulyasociados\/wp-content\/uploads\/2026\/04\/2150164732-1-200x300.jpg 200w\" sizes=\"(max-width: 667px) 100vw, 667px\" \/>\t\t\t\t\t\t\t\t\t\t\t\t\t\t\t<\/div>\n\t\t\t\t<\/div>\n\t\t<div class=\"elementor-element elementor-element-9cc0981 e-con-full e-flex elementor-invisible e-con e-child\" data-id=\"9cc0981\" data-element_type=\"container\" data-e-type=\"container\" data-settings=\"{&quot;background_background&quot;:&quot;classic&quot;,&quot;animation&quot;:&quot;fadeInUp&quot;,&quot;ekit_has_onepagescroll_dot&quot;:&quot;yes&quot;}\">\n\t\t\t\t<div class=\"elementor-element elementor-element-0163ee2 elementor-widget elementor-widget-counter\" data-id=\"0163ee2\" data-element_type=\"widget\" data-e-type=\"widget\" data-settings=\"{&quot;ekit_we_effect_on&quot;:&quot;none&quot;}\" data-widget_type=\"counter.default\">\n\t\t\t\t<div class=\"elementor-widget-container\">\n\t\t\t\t\t\t\t<div class=\"elementor-counter\">\n\t\t\t<div class=\"elementor-counter-title\">A\u00f1os de experiencia <\/div>\t\t\t<div class=\"elementor-counter-number-wrapper\">\n\t\t\t\t<span class=\"elementor-counter-number-prefix\">+<\/span>\n\t\t\t\t<span class=\"elementor-counter-number\" data-duration=\"2000\" data-to-value=\"28\" data-from-value=\"0\" data-delimiter=\",\">0<\/span>\n\t\t\t\t<span class=\"elementor-counter-number-suffix\"><\/span>\n\t\t\t<\/div>\n\t\t<\/div>\n\t\t\t\t\t\t<\/div>\n\t\t\t\t<\/div>\n\t\t\t\t<\/div>\n\t\t\t\t<\/div>\n\t\t\t\t\t<\/div>\n\t\t\t\t<\/div>\n\t\t<div class=\"elementor-element elementor-element-9fb728d e-flex e-con-boxed e-con e-parent\" data-id=\"9fb728d\" data-element_type=\"container\" data-e-type=\"container\" data-settings=\"{&quot;background_background&quot;:&quot;classic&quot;,&quot;ekit_has_onepagescroll_dot&quot;:&quot;yes&quot;}\">\n\t\t\t\t\t<div class=\"e-con-inner\">\n\t\t\t\t<div class=\"elementor-element elementor-element-21a74cb elementor-widget__width-inherit elementor-invisible elementor-widget elementor-widget-heading\" data-id=\"21a74cb\" data-element_type=\"widget\" data-e-type=\"widget\" data-settings=\"{&quot;_animation&quot;:&quot;fadeInUp&quot;,&quot;ekit_we_effect_on&quot;:&quot;none&quot;}\" data-widget_type=\"heading.default\">\n\t\t\t\t<div class=\"elementor-widget-container\">\n\t\t\t\t\t<h2 class=\"elementor-heading-title elementor-size-default\">Nuestro compromiso contigo<\/h2>\t\t\t\t<\/div>\n\t\t\t\t<\/div>\n\t\t\t\t<div class=\"elementor-element elementor-element-f17a04e elementor-invisible elementor-widget elementor-widget-heading\" data-id=\"f17a04e\" data-element_type=\"widget\" data-e-type=\"widget\" data-settings=\"{&quot;_animation&quot;:&quot;fadeInUp&quot;,&quot;ekit_we_effect_on&quot;:&quot;none&quot;}\" data-widget_type=\"heading.default\">\n\t\t\t\t<div class=\"elementor-widget-container\">\n\t\t\t\t\t<h2 class=\"elementor-heading-title elementor-size-default\">Trabajamos para ofrecer un servicio cercano, eficiente y de calidad, enfocado en proteger a nuestros clientes mediante asesor\u00eda especializada y una gesti\u00f3n transparente orientada a resultados.<\/h2>\t\t\t\t<\/div>\n\t\t\t\t<\/div>\n\t\t<div class=\"elementor-element elementor-element-5da7784 e-grid e-con-full e-con e-child\" data-id=\"5da7784\" data-element_type=\"container\" data-e-type=\"container\" data-settings=\"{&quot;ekit_has_onepagescroll_dot&quot;:&quot;yes&quot;}\">\n\t\t<div class=\"elementor-element elementor-element-9681765 e-con-full e-transform e-flex elementor-invisible e-con e-child\" data-id=\"9681765\" data-element_type=\"container\" data-e-type=\"container\" data-settings=\"{&quot;background_background&quot;:&quot;classic&quot;,&quot;animation&quot;:&quot;fadeInLeft&quot;,&quot;_transform_scale_effect_hover&quot;:{&quot;unit&quot;:&quot;px&quot;,&quot;size&quot;:1.1,&quot;sizes&quot;:[]},&quot;ekit_has_onepagescroll_dot&quot;:&quot;yes&quot;,&quot;_transform_scale_effect_hover_tablet&quot;:{&quot;unit&quot;:&quot;px&quot;,&quot;size&quot;:&quot;&quot;,&quot;sizes&quot;:[]},&quot;_transform_scale_effect_hover_mobile&quot;:{&quot;unit&quot;:&quot;px&quot;,&quot;size&quot;:&quot;&quot;,&quot;sizes&quot;:[]}}\">\n\t\t<div class=\"elementor-element elementor-element-46697da e-con-full e-flex e-con e-child\" data-id=\"46697da\" data-element_type=\"container\" data-e-type=\"container\" data-settings=\"{&quot;ekit_has_onepagescroll_dot&quot;:&quot;yes&quot;}\">\n\t\t<div class=\"elementor-element elementor-element-ccbc600 e-con-full e-flex e-con e-child\" data-id=\"ccbc600\" data-element_type=\"container\" data-e-type=\"container\" data-settings=\"{&quot;ekit_has_onepagescroll_dot&quot;:&quot;yes&quot;}\">\n\t\t\t\t<div class=\"elementor-element elementor-element-902d894 elementor-view-default elementor-widget elementor-widget-icon\" data-id=\"902d894\" data-element_type=\"widget\" data-e-type=\"widget\" data-settings=\"{&quot;ekit_we_effect_on&quot;:&quot;none&quot;}\" data-widget_type=\"icon.default\">\n\t\t\t\t<div class=\"elementor-widget-container\">\n\t\t\t\t\t\t\t<div class=\"elementor-icon-wrapper\">\n\t\t\t<div class=\"elementor-icon\">\n\t\t\t<i aria-hidden=\"true\" class=\"fas fa-users\"><\/i>\t\t\t<\/div>\n\t\t<\/div>\n\t\t\t\t\t\t<\/div>\n\t\t\t\t<\/div>\n\t\t\t\t<div class=\"elementor-element elementor-element-89b02e7 elementor-widget__width-inherit elementor-widget elementor-widget-heading\" data-id=\"89b02e7\" data-element_type=\"widget\" data-e-type=\"widget\" data-settings=\"{&quot;ekit_we_effect_on&quot;:&quot;none&quot;}\" data-widget_type=\"heading.default\">\n\t\t\t\t<div class=\"elementor-widget-container\">\n\t\t\t\t\t<h2 class=\"elementor-heading-title elementor-size-default\">MISI\u00d3N\n<\/h2>\t\t\t\t<\/div>\n\t\t\t\t<\/div>\n\t\t\t\t<div class=\"elementor-element elementor-element-4a4f9f6 elementor-widget elementor-widget-text-editor\" data-id=\"4a4f9f6\" data-element_type=\"widget\" data-e-type=\"widget\" data-settings=\"{&quot;ekit_we_effect_on&quot;:&quot;none&quot;}\" data-widget_type=\"text-editor.default\">\n\t\t\t\t<div class=\"elementor-widget-container\">\n\t\t\t\t\t\t\t\t\t<p data-start=\"415\" data-end=\"564\">Est\u00e1 enfocada en el \u201cServicio\u201d, cuidando en todo momento los intereses de nuestros Clientes, brindando asesor\u00eda personalizada dirigida a lograr la protecci\u00f3n adecuada a sus necesidades, basado en un An\u00e1lisis y administraci\u00f3n de Riesgos, desarrollados por un equipo humano con amplia experiencia y esp\u00edritu de servicio, logrando con ello agilizar los tiempos de respuesta, obteniendo resultados objetivos de calidad.<br><br>Nuestra experiencia nos dicta que para satisfacer las necesidades de nuestros Asegurados se requiere de un esfuerzo extra permanentemente, y dado que nuestra infraestructura est\u00e1 creada para llegar a los mas altos niveles de calidad y servicio, hemos logrado mantenernos cerca de nuestros clientes en todo momento,<br>conservando una comunicaci\u00f3n siempre abierta y constante, logrando con ello mayores beneficios en sus<br>p\u00f3lizas.<\/p>\n<p data-start=\"566\" data-end=\"725\">\n<\/p>\t\t\t\t\t\t\t\t<\/div>\n\t\t\t\t<\/div>\n\t\t\t\t<\/div>\n\t\t\t\t<\/div>\n\t\t\t\t<\/div>\n\t\t<div class=\"elementor-element elementor-element-651fbb4 e-con-full e-transform e-flex elementor-invisible e-con e-child\" data-id=\"651fbb4\" data-element_type=\"container\" data-e-type=\"container\" data-settings=\"{&quot;background_background&quot;:&quot;classic&quot;,&quot;animation&quot;:&quot;fadeInLeft&quot;,&quot;_transform_scale_effect_hover&quot;:{&quot;unit&quot;:&quot;px&quot;,&quot;size&quot;:1.1,&quot;sizes&quot;:[]},&quot;ekit_has_onepagescroll_dot&quot;:&quot;yes&quot;,&quot;_transform_scale_effect_hover_tablet&quot;:{&quot;unit&quot;:&quot;px&quot;,&quot;size&quot;:&quot;&quot;,&quot;sizes&quot;:[]},&quot;_transform_scale_effect_hover_mobile&quot;:{&quot;unit&quot;:&quot;px&quot;,&quot;size&quot;:&quot;&quot;,&quot;sizes&quot;:[]}}\">\n\t\t<div class=\"elementor-element elementor-element-4a24395 e-con-full e-flex e-con e-child\" data-id=\"4a24395\" data-element_type=\"container\" data-e-type=\"container\" data-settings=\"{&quot;ekit_has_onepagescroll_dot&quot;:&quot;yes&quot;}\">\n\t\t<div class=\"elementor-element elementor-element-0673cc4 e-con-full e-flex e-con e-child\" data-id=\"0673cc4\" data-element_type=\"container\" data-e-type=\"container\" data-settings=\"{&quot;ekit_has_onepagescroll_dot&quot;:&quot;yes&quot;}\">\n\t\t\t\t<div class=\"elementor-element elementor-element-68cdf05 elementor-view-default elementor-widget elementor-widget-icon\" data-id=\"68cdf05\" data-element_type=\"widget\" data-e-type=\"widget\" data-settings=\"{&quot;ekit_we_effect_on&quot;:&quot;none&quot;}\" data-widget_type=\"icon.default\">\n\t\t\t\t<div class=\"elementor-widget-container\">\n\t\t\t\t\t\t\t<div class=\"elementor-icon-wrapper\">\n\t\t\t<div class=\"elementor-icon\">\n\t\t\t<i aria-hidden=\"true\" class=\"far fa-eye\"><\/i>\t\t\t<\/div>\n\t\t<\/div>\n\t\t\t\t\t\t<\/div>\n\t\t\t\t<\/div>\n\t\t\t\t<div class=\"elementor-element elementor-element-e799650 elementor-widget__width-inherit elementor-widget elementor-widget-heading\" data-id=\"e799650\" data-element_type=\"widget\" data-e-type=\"widget\" data-settings=\"{&quot;ekit_we_effect_on&quot;:&quot;none&quot;}\" data-widget_type=\"heading.default\">\n\t\t\t\t<div class=\"elementor-widget-container\">\n\t\t\t\t\t<h2 class=\"elementor-heading-title elementor-size-default\">VISI\u00d3N\n<\/h2>\t\t\t\t<\/div>\n\t\t\t\t<\/div>\n\t\t\t\t<div class=\"elementor-element elementor-element-e64a9b1 elementor-widget elementor-widget-text-editor\" data-id=\"e64a9b1\" data-element_type=\"widget\" data-e-type=\"widget\" data-settings=\"{&quot;ekit_we_effect_on&quot;:&quot;none&quot;}\" data-widget_type=\"text-editor.default\">\n\t\t\t\t<div class=\"elementor-widget-container\">\n\t\t\t\t\t\t\t\t\t<p>Ser un despacho l\u00edder, que se distinga por proporcionar un servicio de calidad excelente para sus<br \/>clientes contribuir de manera positiva a la sociedad a trav\u00e9z de una administraci\u00f3n edicaz, eficiente,<br \/>honesta y transparente<\/p>\t\t\t\t\t\t\t\t<\/div>\n\t\t\t\t<\/div>\n\t\t\t\t<\/div>\n\t\t\t\t<\/div>\n\t\t\t\t<\/div>\n\t\t\t\t<\/div>\n\t\t\t\t\t<\/div>\n\t\t\t\t<\/div>\n\t\t<div class=\"elementor-element elementor-element-2511209 e-flex e-con-boxed e-con e-parent\" data-id=\"2511209\" data-element_type=\"container\" data-e-type=\"container\" data-settings=\"{&quot;ekit_has_onepagescroll_dot&quot;:&quot;yes&quot;}\">\n\t\t\t\t\t<div class=\"e-con-inner\">\n\t\t<div class=\"elementor-element elementor-element-a9057e2 e-con-full e-flex e-con e-child\" data-id=\"a9057e2\" data-element_type=\"container\" data-e-type=\"container\" data-settings=\"{&quot;background_background&quot;:&quot;gradient&quot;,&quot;ekit_has_onepagescroll_dot&quot;:&quot;yes&quot;}\">\n\t\t<div class=\"elementor-element elementor-element-f1130d2 e-con-full e-flex e-con e-child\" data-id=\"f1130d2\" data-element_type=\"container\" data-e-type=\"container\" data-settings=\"{&quot;ekit_has_onepagescroll_dot&quot;:&quot;yes&quot;}\">\n\t\t\t\t<div class=\"elementor-element elementor-element-94ec53a elementor-invisible elementor-widget elementor-widget-image\" data-id=\"94ec53a\" data-element_type=\"widget\" data-e-type=\"widget\" data-settings=\"{&quot;_animation&quot;:&quot;fadeInDown&quot;,&quot;ekit_we_effect_on&quot;:&quot;none&quot;}\" data-widget_type=\"image.default\">\n\t\t\t\t<div class=\"elementor-widget-container\">\n\t\t\t\t\t\t\t\t\t\t\t\t\t\t\t<img decoding=\"async\" width=\"942\" height=\"580\" src=\"https:\/\/sysopweb.com.mx\/chaulyasociados\/wp-content\/uploads\/2026\/03\/ZTWENPF.png\" class=\"attachment-large size-large wp-image-87\" alt=\"\" srcset=\"https:\/\/sysopweb.com.mx\/chaulyasociados\/wp-content\/uploads\/2026\/03\/ZTWENPF.png 942w, https:\/\/sysopweb.com.mx\/chaulyasociados\/wp-content\/uploads\/2026\/03\/ZTWENPF-300x185.png 300w, https:\/\/sysopweb.com.mx\/chaulyasociados\/wp-content\/uploads\/2026\/03\/ZTWENPF-768x473.png 768w\" sizes=\"(max-width: 942px) 100vw, 942px\" \/>\t\t\t\t\t\t\t\t\t\t\t\t\t\t\t<\/div>\n\t\t\t\t<\/div>\n\t\t\t\t<\/div>\n\t\t<div class=\"elementor-element elementor-element-b075421 e-con-full e-flex e-con e-child\" data-id=\"b075421\" data-element_type=\"container\" data-e-type=\"container\" data-settings=\"{&quot;ekit_has_onepagescroll_dot&quot;:&quot;yes&quot;}\">\n\t\t\t\t<div class=\"elementor-element elementor-element-ee245a9 elementor-widget__width-inherit elementor-invisible elementor-widget elementor-widget-heading\" data-id=\"ee245a9\" data-element_type=\"widget\" data-e-type=\"widget\" data-settings=\"{&quot;_animation&quot;:&quot;fadeInUp&quot;,&quot;ekit_we_effect_on&quot;:&quot;none&quot;}\" data-widget_type=\"heading.default\">\n\t\t\t\t<div class=\"elementor-widget-container\">\n\t\t\t\t\t<h2 class=\"elementor-heading-title elementor-size-default\">Protege hoy lo que m\u00e1s importa para disfrutar ma\u00f1ana con tranquilidad.<\/h2>\t\t\t\t<\/div>\n\t\t\t\t<\/div>\n\t\t\t\t<div class=\"elementor-element elementor-element-06a4b34 elementor-invisible elementor-widget elementor-widget-ucaddon_glare_effect_button\" data-id=\"06a4b34\" data-element_type=\"widget\" data-e-type=\"widget\" data-settings=\"{&quot;_animation&quot;:&quot;fadeInRight&quot;,&quot;ekit_we_effect_on&quot;:&quot;none&quot;}\" data-widget_type=\"ucaddon_glare_effect_button.default\">\n\t\t\t\t<div class=\"elementor-widget-container\">\n\t\t\t\t\t\n<!-- start Glare Button Effect -->\n\t\t<link id='font-awesome-css' href='https:\/\/sysopweb.com.mx\/chaulyasociados\/wp-content\/plugins\/unlimited-elements-for-elementor-premium\/assets_libraries\/font-awesome6\/fontawesome-all.min.css' type='text\/css' rel='stylesheet' >\n\t\t<link id='font-awesome-4-shim-css' href='https:\/\/sysopweb.com.mx\/chaulyasociados\/wp-content\/plugins\/unlimited-elements-for-elementor-premium\/assets_libraries\/font-awesome6\/fontawesome-v4-shims.min.css' type='text\/css' rel='stylesheet' >\n\n<style>\/* widget: Glare Button Effect *\/\n\n#uc_glare_effect_button_elementor_06a4b34 .ue_glare_button{\n  display:inline-flex;\n  align-items: center;\n  cursor: pointer;\n  border-radius: 10px;\n  overflow: hidden;\n  position: relative;\n  text-decoration:none;\n}\n\n#uc_glare_effect_button_elementor_06a4b34 .ue_glare_button div {\n  display: block;\n  position: relative;\n  z-index: 10;\n}\n\n#uc_glare_effect_button_elementor_06a4b34 .ue_glare_button:after,\n#uc_glare_effect_button_elementor_06a4b34 .ue_glare_button:before {\n  content: '';\n  position: absolute;\n  top: 0;\n  left: calc(-100% - 30px);\n  height: calc(100%);\n  width: calc(100% + 20px);\n  transform: skew(-25deg);\n}\n\n#uc_glare_effect_button_elementor_06a4b34 .ue_glare_button:after {\n  transition: left 800ms cubic-bezier(0.86, 0, 0.07, 1) 0.2s;\n  z-index: 0;\n}\n\n#uc_glare_effect_button_elementor_06a4b34 .ue_glare_button:before {\n  z-index: 5;\n  transition: left 1000ms cubic-bezier(0.86, 0, 0.07, 1);\n}\n\n#uc_glare_effect_button_elementor_06a4b34 .ue_glare_button:hover:after {\n  left: calc(0% - 10px);\n  transition: left 800ms cubic-bezier(0.86, 0, 0.07, 1);\n}\n\n#uc_glare_effect_button_elementor_06a4b34 .ue_glare_button:hover:before {\n  left: calc(0% - 10px);\n  transition: left 1000ms cubic-bezier(0.86, 0, 0.07, 1);\n}\n\n\n\n<\/style>\n\n<div id=\"uc_glare_effect_button_elementor_06a4b34\" class=\"ue_glare_button_effect\">\n  <a class=\"ue_glare_button\" href=\"https:\/\/sysopweb.com.mx\/chaulyasociados\/contacto\/\"  aria-label=\"Cont\u00e1ctanos\">\n        <div>Cont\u00e1ctanos<\/div>\n  <\/a>\n<\/div>\n<!-- end Glare Button Effect -->\t\t\t\t<\/div>\n\t\t\t\t<\/div>\n\t\t\t\t<\/div>\n\t\t\t\t<\/div>\n\t\t\t\t\t<\/div>\n\t\t\t\t<\/div>\n\t\t\t\t<\/div>\n\t\t","protected":false},"excerpt":{"rendered":"<p>Nosotros Nosotros Tu tranquilidad es nuestra prioridad. Somos un br\u00f3ker de seguros y fianzas enfocado en brindar asesor\u00eda personalizada y [&hellip;]<\/p>\n","protected":false},"author":1,"featured_media":0,"parent":0,"menu_order":0,"comment_status":"closed","ping_status":"closed","template":"","meta":{"site-sidebar-layout":"no-sidebar","site-content-layout":"","ast-site-content-layout":"full-width-container","site-content-style":"default","site-sidebar-style":"default","ast-global-header-display":"","ast-banner-title-visibility":"","ast-main-header-display":"","ast-hfb-above-header-display":"","ast-hfb-below-header-display":"","ast-hfb-mobile-header-display":"","site-post-title":"disabled","ast-breadcrumbs-content":"","ast-featured-img":"disabled","footer-sml-layout":"","theme-transparent-header-meta":"","adv-header-id-meta":"","stick-header-meta":"","header-above-stick-meta":"","header-main-stick-meta":"","header-below-stick-meta":"","astra-migrate-meta-layouts":"default","ast-page-background-enabled":"default","ast-page-background-meta":{"desktop":{"background-color":"var(--ast-global-color-5)","background-image":"","background-repeat":"repeat","background-position":"center center","background-size":"auto","background-attachment":"scroll","background-type":"","background-media":"","overlay-type":"","overlay-color":"","overlay-opacity":"","overlay-gradient":""},"tablet":{"background-color":"","background-image":"","background-repeat":"repeat","background-position":"center center","background-size":"auto","background-attachment":"scroll","background-type":"","background-media":"","overlay-type":"","overlay-color":"","overlay-opacity":"","overlay-gradient":""},"mobile":{"background-color":"","background-image":"","background-repeat":"repeat","background-position":"center center","background-size":"auto","background-attachment":"scroll","background-type":"","background-media":"","overlay-type":"","overlay-color":"","overlay-opacity":"","overlay-gradient":""}},"ast-content-background-meta":{"desktop":{"background-color":"var(--ast-global-color-4)","background-image":"","background-repeat":"repeat","background-position":"center center","background-size":"auto","background-attachment":"scroll","background-type":"","background-media":"","overlay-type":"","overlay-color":"","overlay-opacity":"","overlay-gradient":""},"tablet":{"background-color":"var(--ast-global-color-4)","background-image":"","background-repeat":"repeat","background-position":"center center","background-size":"auto","background-attachment":"scroll","background-type":"","background-media":"","overlay-type":"","overlay-color":"","overlay-opacity":"","overlay-gradient":""},"mobile":{"background-color":"var(--ast-global-color-4)","background-image":"","background-repeat":"repeat","background-position":"center center","background-size":"auto","background-attachment":"scroll","background-type":"","background-media":"","overlay-type":"","overlay-color":"","overlay-opacity":"","overlay-gradient":""}},"footnotes":""},"class_list":["post-207","page","type-page","status-publish","hentry"],"_links":{"self":[{"href":"https:\/\/sysopweb.com.mx\/chaulyasociados\/wp-json\/wp\/v2\/pages\/207","targetHints":{"allow":["GET"]}}],"collection":[{"href":"https:\/\/sysopweb.com.mx\/chaulyasociados\/wp-json\/wp\/v2\/pages"}],"about":[{"href":"https:\/\/sysopweb.com.mx\/chaulyasociados\/wp-json\/wp\/v2\/types\/page"}],"author":[{"embeddable":true,"href":"https:\/\/sysopweb.com.mx\/chaulyasociados\/wp-json\/wp\/v2\/users\/1"}],"replies":[{"embeddable":true,"href":"https:\/\/sysopweb.com.mx\/chaulyasociados\/wp-json\/wp\/v2\/comments?post=207"}],"version-history":[{"count":28,"href":"https:\/\/sysopweb.com.mx\/chaulyasociados\/wp-json\/wp\/v2\/pages\/207\/revisions"}],"predecessor-version":[{"id":238,"href":"https:\/\/sysopweb.com.mx\/chaulyasociados\/wp-json\/wp\/v2\/pages\/207\/revisions\/238"}],"wp:attachment":[{"href":"https:\/\/sysopweb.com.mx\/chaulyasociados\/wp-json\/wp\/v2\/media?parent=207"}],"curies":[{"name":"wp","href":"https:\/\/api.w.org\/{rel}","templated":true}]}}