{"id":10340,"date":"2024-11-21T16:46:08","date_gmt":"2024-11-21T16:46:08","guid":{"rendered":"https:\/\/sysopweb.com.mx\/ggama\/?page_id=10340"},"modified":"2025-01-24T21:10:58","modified_gmt":"2025-01-24T21:10:58","slug":"politicas","status":"publish","type":"page","link":"https:\/\/sysopweb.com.mx\/ggama\/politicas\/","title":{"rendered":"Pol\u00edticas"},"content":{"rendered":"\t\t<div data-elementor-type=\"wp-page\" data-elementor-id=\"10340\" class=\"elementor elementor-10340\" data-elementor-post-type=\"page\">\n\t\t\t\t<div class=\"elementor-element elementor-element-b8424e0 e-flex e-con-boxed e-con e-parent\" data-id=\"b8424e0\" data-element_type=\"container\" data-settings=\"{&quot;background_background&quot;:&quot;slideshow&quot;,&quot;background_slideshow_gallery&quot;:[{&quot;id&quot;:10291,&quot;url&quot;:&quot;https:\\\/\\\/sysopweb.com.mx\\\/ggama\\\/wp-content\\\/uploads\\\/2024\\\/11\\\/azul-naturaleza-pila-esfera-abstracta-metal-rosa-purpura-amarillo-generada-inteligencia-artificial_188544-90051.webp&quot;},{&quot;id&quot;:10592,&quot;url&quot;:&quot;https:\\\/\\\/sysopweb.com.mx\\\/ggama\\\/wp-content\\\/uploads\\\/2025\\\/01\\\/2711854.jpeg&quot;}],&quot;background_slideshow_slide_duration&quot;:3500,&quot;background_slideshow_loop&quot;:&quot;yes&quot;,&quot;background_slideshow_slide_transition&quot;:&quot;fade&quot;,&quot;background_slideshow_transition_duration&quot;:500}\">\n\t\t\t\t\t<div class=\"e-con-inner\">\n\t\t<div data-custom-animations=\"true\" data-ca-options=\"{&quot;addChildTimelines&quot;:false,&quot;trigger&quot;:&quot;firstChild&quot;,&quot;animationTarget&quot;:&quot;:scope  &gt; .elementor-element:not(.lqd-exclude-parent-ca) &gt; .elementor-widget-container, :scope  &gt; .elementor-widget-hub_fancy_heading .lqd-split-lines .lqd-lines .split-inner, :scope  &gt; .elementor-widget-hub_fancy_heading .lqd-split-words .lqd-words .split-inner, :scope  &gt; .elementor-widget-hub_fancy_heading .lqd-split-chars .lqd-chars .split-inner, :scope  &gt; .elementor-widget-hub_fancy_heading .lqd-adv-txt-fig, :scope  &gt; .elementor-widget-ld_custom_menu .lqd-fancy-menu &gt; ul &gt; li, :scope .e-con:not([data-parallax]) .elementor-element &gt; .elementor-widget-container, :scope .e-con:not([data-parallax]) .elementor-widget-hub_fancy_heading .lqd-split-lines .lqd-lines .split-inner, :scope .e-con:not([data-parallax]) .elementor-widget-hub_fancy_heading .lqd-split-words .lqd-words .split-inner, :scope .e-con:not([data-parallax]) .elementor-widget-hub_fancy_heading .lqd-split-chars .lqd-chars .split-inner, :scope .e-con:not([data-parallax]) .elementor-widget-ld_custom_menu .lqd-fancy-menu &gt; ul &gt; li&quot;,&quot;ease&quot;:[&quot;power4.out&quot;],&quot;initValues&quot;:{&quot;y&quot;:&quot;50px&quot;,&quot;opacity&quot;:0,&quot;transformOrigin&quot;:&quot;50% 50% 0px&quot;},&quot;animations&quot;:{&quot;y&quot;:&quot;0px&quot;,&quot;opacity&quot;:1,&quot;transformOrigin&quot;:&quot;50% 50% 0px&quot;}}\" class=\"elementor-element elementor-element-8108452 e-con-full e-flex e-con e-child\" data-id=\"8108452\" data-element_type=\"container\">\n\t\t\t\t<div class=\"elementor-element elementor-element-30883e1 elementor-widget__width-inherit elementor-widget elementor-widget-hub_fancy_heading\" data-id=\"30883e1\" data-element_type=\"widget\" data-widget_type=\"hub_fancy_heading.default\">\n\t\t\t\t<div class=\"elementor-widget-container\">\n\t\t\t\t\t\n\t\t<div id=\"ld-fancy-heading-69f3fc8a1ce2c\" class=\"ld-fancy-heading pos-rel\">\n\t\t\t<h1 class=\"ld-fh-element d-inline-block pos-rel  elementor-heading-title lqd-highlight-classic lqd-highlight-grow-left lqd-highlight-reset-onhover h1\"  data-inview=\"true\" data-transition-delay=\"true\" data-delay-options=\"{&quot;elements&quot;:&quot;.lqd-highlight-inner&quot;,&quot;delayType&quot;:&quot;transition&quot;}\" > Nuestras <mark class=\"lqd-highlight\"><span class=\"lqd-highlight-txt\"  >Pol\u00edticas<\/span><span class=\"lqd-highlight-inner\"><\/span><\/mark> <\/h1>\t\t<\/div>\n\n\t\t\t\t\t\t<\/div>\n\t\t\t\t<\/div>\n\t\t\t\t<\/div>\n\t\t<div class=\"elementor-element elementor-element-455ec69 e-con-full elementor-hidden-mobile e-flex e-con e-child\" data-id=\"455ec69\" data-element_type=\"container\">\n\t\t\t\t<\/div>\n\t\t\t\t\t<\/div>\n\t\t\t\t<\/div>\n\t\t<div class=\"elementor-element elementor-element-bb3c976 e-flex e-con-boxed e-con e-parent\" data-id=\"bb3c976\" data-element_type=\"container\">\n\t\t\t\t\t<div class=\"e-con-inner\">\n\t\t\t\t<div class=\"elementor-element elementor-element-9179143 elementor-widget__width-initial elementor-widget elementor-widget-text-editor\" data-id=\"9179143\" data-element_type=\"widget\" data-widget_type=\"text-editor.default\">\n\t\t\t\t<div class=\"elementor-widget-container\">\n\t\t\t\t\t\t\t\t\t<h2 style=\"text-align: center;\">POL\u00cdTICA AMBIENTAL<\/h2><p>En las empresas de GRUPO GAMA estamos conscientes de nuestra responsabilidad de proteger el medio ambiente y es por esto que una de nuestras estrategias de negocios es llevar a cabo nuestro trabajo evitando al m\u00e1ximo contaminar el medio ambiente. Cumplimos con todos los requerimientos legales actuales y mejoramos nuestros procesos hasta donde nos es t\u00e9cnica y econ\u00f3micamente posible para trabajar limpiamente.<\/p><h2 style=\"text-align: center;\">POL\u00cdTICA DE SEGURIDAD Y SALUD<\/h2><p>El GRUPO GAMA est\u00e1 comprometido a operar de tal manera que nuestro trabajo no afecte la salud y la integridad f\u00edsica de nuestros empleados, clientes, proveedores, contratistas y otras personas de la comunidad. Cumplimos con todos los requerimientos que establecen las leyes con respecto a seguridad e higiene y mejoramos hasta donde nos sea posible t\u00e9cnica y econ\u00f3micamente para trabajar en forma segura y preservar la salud de nuestros empleados.\u00a0<\/p>\t\t\t\t\t\t\t\t<\/div>\n\t\t\t\t<\/div>\n\t\t\t\t<div class=\"elementor-element elementor-element-961ef15 elementor-widget__width-initial elementor-widget elementor-widget-text-editor\" data-id=\"961ef15\" data-element_type=\"widget\" data-widget_type=\"text-editor.default\">\n\t\t\t\t<div class=\"elementor-widget-container\">\n\t\t\t\t\t\t\t\t\t<h2 style=\"text-align: center;\">POL\u00cdTICA DE CALIDAD<\/h2><p>Todos los directivos y empleados de las empresas del GRUPO GAMA tenemos el compromiso de mantener y mejorar nuestro sistema de administraci\u00f3n de la calidad. Para mantener nuestro est\u00e1ndar de calidad y el nivel de satisfacci\u00f3n de nuestros clientes, llevaremos a cabo auditor\u00edas internas y una revisi\u00f3n anual del sistema de calidad. Seguiremos fielmente nuestro manual de calidad, el cual cumple con los requerimientos de la norma ISO 9001 y trabajamos intensamente para lograr los objetivos de calidad determinados en la revisi\u00f3n anual.<\/p><h2 style=\"text-align: center;\">PODER TINTORIAL<\/h2><p>Como el color es la parte m\u00e1s importante de nuestro negocio, todos nuestros productos est\u00e1n estandarizados en cuanto a sus propiedades de tono y poder tintorial, no al contenido total de s\u00f3lidos. Por lo tanto puede haber variaciones en el contenido de s\u00f3lidos de lote a lote de fabricaci\u00f3n. Las propiedades de color e interperismo que se muestran en nuestros cat\u00e1logos y hojas t\u00e9cnicas son a manera de gu\u00eda. El usuario final deber\u00e1 hacer pruebas en sus propios sistemas para determinar el color exacto y la resistencia a la intemperie de nuestros productos en su caso particular.\u00a0<\/p>\t\t\t\t\t\t\t\t<\/div>\n\t\t\t\t<\/div>\n\t\t\t\t\t<\/div>\n\t\t\t\t<\/div>\n\t\t\t\t<\/div>\n\t\t","protected":false},"excerpt":{"rendered":"<p>Nuestras Pol\u00edticas POL\u00cdTICA AMBIENTAL En las empresas de GRUPO GAMA estamos conscientes de nuestra responsabilidad de proteger el medio ambiente y es por esto que una de nuestras estrategias de negocios es llevar a cabo nuestro trabajo evitando al m\u00e1ximo contaminar el medio ambiente. Cumplimos con todos los requerimientos legales actuales y mejoramos nuestros procesos [&hellip;]<\/p>\n","protected":false},"author":1,"featured_media":0,"parent":0,"menu_order":0,"comment_status":"closed","ping_status":"closed","template":"","meta":{"footnotes":""},"class_list":["post-10340","page","type-page","status-publish","hentry"],"_links":{"self":[{"href":"https:\/\/sysopweb.com.mx\/ggama\/wp-json\/wp\/v2\/pages\/10340","targetHints":{"allow":["GET"]}}],"collection":[{"href":"https:\/\/sysopweb.com.mx\/ggama\/wp-json\/wp\/v2\/pages"}],"about":[{"href":"https:\/\/sysopweb.com.mx\/ggama\/wp-json\/wp\/v2\/types\/page"}],"author":[{"embeddable":true,"href":"https:\/\/sysopweb.com.mx\/ggama\/wp-json\/wp\/v2\/users\/1"}],"replies":[{"embeddable":true,"href":"https:\/\/sysopweb.com.mx\/ggama\/wp-json\/wp\/v2\/comments?post=10340"}],"version-history":[{"count":10,"href":"https:\/\/sysopweb.com.mx\/ggama\/wp-json\/wp\/v2\/pages\/10340\/revisions"}],"predecessor-version":[{"id":10610,"href":"https:\/\/sysopweb.com.mx\/ggama\/wp-json\/wp\/v2\/pages\/10340\/revisions\/10610"}],"wp:attachment":[{"href":"https:\/\/sysopweb.com.mx\/ggama\/wp-json\/wp\/v2\/media?parent=10340"}],"curies":[{"name":"wp","href":"https:\/\/api.w.org\/{rel}","templated":true}]}}