{"id":6104,"date":"2025-09-03T17:38:44","date_gmt":"2025-09-03T17:38:44","guid":{"rendered":"https:\/\/sysopweb.com.mx\/kffauto\/?post_type=product&#038;p=6104"},"modified":"2025-09-24T00:06:09","modified_gmt":"2025-09-24T00:06:09","slug":"kff-anticongelante-refrigerante-red-hd-con-tecnologia-oxtemp","status":"publish","type":"product","link":"https:\/\/sysopweb.com.mx\/kffauto\/es\/producto\/kff-anticongelante-refrigerante-red-hd-con-tecnologia-oxtemp\/","title":{"rendered":"KFF ANTICONGELANTE + REFRIGERANTE RED HD CON TECNOLOG\u00cdA OXTEMP"},"content":{"rendered":"<p>Est\u00e1 perfectamente formulado con nanopart\u00edculas OXTEMP, inhibidores de corrosi\u00f3n que prolongar\u00e1n la vida \u00fatil de su sistema de refrigeraci\u00f3n y motor eliminando sedimentos, \u00f3xido, corrosi\u00f3n e incrustaciones, protegiendo todos los componentes met\u00e1licos y ajustando perfectamente sus niveles de temperatura. Contiene tecnolog\u00eda de \u00e1cidos org\u00e1nicos sin nitritos (OAT).<\/p>\n<p><em><strong>PRESENTACIONES \u00a0<\/strong><\/em><\/p>\n<p>&nbsp;<\/p>\n<div style=\"width: 100%; overflow-x: auto;\">\n<table style=\"border-collapse: collapse; width: 100%; min-width: 291px; font-family: HelveticaNeue, sans-serif;\">\n<thead style=\"background-color: red; color: white;\">\n<tr>\n<th style=\"padding: 8px 12px; text-align: left;\">No. De parte<\/th>\n<th style=\"padding: 8px 12px; text-align: left;\">Contenido<\/th>\n<\/tr>\n<\/thead>\n<tbody>\n<tr style=\"background-color: #f2f2f2;\">\n<td style=\"padding: 8px 12px;\">M-10092<\/td>\n<td style=\"padding: 8px 12px;\">3.78 L<\/td>\n<\/tr>\n<tr style=\"background-color: #999; color: white;\">\n<td style=\"padding: 8px 12px;\">M-10091<\/td>\n<td style=\"padding: 8px 12px;\">19 L<\/td>\n<\/tr>\n<\/tbody>\n<\/table>\n<\/div>\n","protected":false},"excerpt":{"rendered":"<p>Est\u00e1 perfectamente formulado con nanopart\u00edculas OXTEMP, inhibidores de corrosi\u00f3n que prolongar\u00e1n la vida \u00fatil de su sistema de refrigeraci\u00f3n y motor eliminando sedimentos, \u00f3xido, corrosi\u00f3n e incrustaciones, protegiendo todos los componentes met\u00e1licos y ajustando perfectamente sus niveles de temperatura. Contiene tecnolog\u00eda de \u00e1cidos org\u00e1nicos sin nitritos (OAT). PRESENTACIONES \u00a0 &nbsp; No. De parte Contenido M-10092 3.78 L M-10091 19 L<\/p>\n","protected":false},"featured_media":6518,"comment_status":"open","ping_status":"closed","template":"","meta":{"_acf_changed":false,"_jet_sm_ready_style":"","_jet_sm_style":"","_jet_sm_controls_values":"","_jet_sm_fonts_collection":"","_jet_sm_fonts_links":""},"product_brand":[],"product_cat":[80],"product_tag":[],"class_list":{"0":"post-6104","1":"product","2":"type-product","3":"status-publish","4":"has-post-thumbnail","6":"product_cat-anticongelantes-en-es","8":"first","9":"instock","10":"shipping-taxable","11":"product-type-simple"},"acf":[],"_links":{"self":[{"href":"https:\/\/sysopweb.com.mx\/kffauto\/wp-json\/wp\/v2\/product\/6104","targetHints":{"allow":["GET"]}}],"collection":[{"href":"https:\/\/sysopweb.com.mx\/kffauto\/wp-json\/wp\/v2\/product"}],"about":[{"href":"https:\/\/sysopweb.com.mx\/kffauto\/wp-json\/wp\/v2\/types\/product"}],"replies":[{"embeddable":true,"href":"https:\/\/sysopweb.com.mx\/kffauto\/wp-json\/wp\/v2\/comments?post=6104"}],"wp:featuredmedia":[{"embeddable":true,"href":"https:\/\/sysopweb.com.mx\/kffauto\/wp-json\/wp\/v2\/media\/6518"}],"wp:attachment":[{"href":"https:\/\/sysopweb.com.mx\/kffauto\/wp-json\/wp\/v2\/media?parent=6104"}],"wp:term":[{"taxonomy":"product_brand","embeddable":true,"href":"https:\/\/sysopweb.com.mx\/kffauto\/wp-json\/wp\/v2\/product_brand?post=6104"},{"taxonomy":"product_cat","embeddable":true,"href":"https:\/\/sysopweb.com.mx\/kffauto\/wp-json\/wp\/v2\/product_cat?post=6104"},{"taxonomy":"product_tag","embeddable":true,"href":"https:\/\/sysopweb.com.mx\/kffauto\/wp-json\/wp\/v2\/product_tag?post=6104"}],"curies":[{"name":"wp","href":"https:\/\/api.w.org\/{rel}","templated":true}]}}