{"id":6150,"date":"2025-09-03T20:43:48","date_gmt":"2025-09-03T20:43:48","guid":{"rendered":"https:\/\/sysopweb.com.mx\/kffauto\/?post_type=product&#038;p=6150"},"modified":"2025-09-23T23:41:58","modified_gmt":"2025-09-23T23:41:58","slug":"kff-anticongelante-refrigerante-mezcla-precisa-18c-121c","status":"publish","type":"product","link":"https:\/\/sysopweb.com.mx\/kffauto\/es\/producto\/kff-anticongelante-refrigerante-mezcla-precisa-18c-121c\/","title":{"rendered":"KFF ANTICONGELANTE + REFRIGERANTE MEZCLA PRECISA -18\u00b0C  +121\u00b0C"},"content":{"rendered":"<p style=\"text-align: justify;\">Es la mejor opci\u00f3n para rellenar el sistema de enfriamiento de su autom\u00f3vil o cami\u00f3n.<\/p>\n<p><em><strong>PRESENTACIONES \u00a0<\/strong><\/em><\/p>\n<div style=\"width: 100%; overflow-x: auto;\">\n<table style=\"border-collapse: collapse; width: 100%; min-width: 291px; font-family: HelveticaNeue, sans-serif;\">\n<thead style=\"background-color: red; color: white;\">\n<tr>\n<th style=\"padding: 8px 12px; text-align: left;\">No. De parte<\/th>\n<th style=\"padding: 8px 12px; text-align: left;\">Contenido<\/th>\n<\/tr>\n<\/thead>\n<tbody>\n<tr style=\"background-color: #f2f2f2;\">\n<td style=\"padding: 8px 12px;\">M-10033<\/td>\n<td style=\"padding: 8px 12px;\">3.78 L<\/td>\n<\/tr>\n<\/tbody>\n<\/table>\n<\/div>\n","protected":false},"excerpt":{"rendered":"<p>Es la mejor opci\u00f3n para rellenar el sistema de enfriamiento de su autom\u00f3vil o cami\u00f3n. PRESENTACIONES \u00a0 No. De parte Contenido M-10033 3.78 L<\/p>\n","protected":false},"featured_media":6502,"comment_status":"open","ping_status":"closed","template":"","meta":{"_acf_changed":false,"_jet_sm_ready_style":"","_jet_sm_style":"","_jet_sm_controls_values":"","_jet_sm_fonts_collection":"","_jet_sm_fonts_links":""},"product_brand":[],"product_cat":[80],"product_tag":[],"class_list":{"0":"post-6150","1":"product","2":"type-product","3":"status-publish","4":"has-post-thumbnail","6":"product_cat-anticongelantes-en-es","8":"first","9":"instock","10":"shipping-taxable","11":"product-type-simple"},"acf":[],"_links":{"self":[{"href":"https:\/\/sysopweb.com.mx\/kffauto\/wp-json\/wp\/v2\/product\/6150","targetHints":{"allow":["GET"]}}],"collection":[{"href":"https:\/\/sysopweb.com.mx\/kffauto\/wp-json\/wp\/v2\/product"}],"about":[{"href":"https:\/\/sysopweb.com.mx\/kffauto\/wp-json\/wp\/v2\/types\/product"}],"replies":[{"embeddable":true,"href":"https:\/\/sysopweb.com.mx\/kffauto\/wp-json\/wp\/v2\/comments?post=6150"}],"wp:featuredmedia":[{"embeddable":true,"href":"https:\/\/sysopweb.com.mx\/kffauto\/wp-json\/wp\/v2\/media\/6502"}],"wp:attachment":[{"href":"https:\/\/sysopweb.com.mx\/kffauto\/wp-json\/wp\/v2\/media?parent=6150"}],"wp:term":[{"taxonomy":"product_brand","embeddable":true,"href":"https:\/\/sysopweb.com.mx\/kffauto\/wp-json\/wp\/v2\/product_brand?post=6150"},{"taxonomy":"product_cat","embeddable":true,"href":"https:\/\/sysopweb.com.mx\/kffauto\/wp-json\/wp\/v2\/product_cat?post=6150"},{"taxonomy":"product_tag","embeddable":true,"href":"https:\/\/sysopweb.com.mx\/kffauto\/wp-json\/wp\/v2\/product_tag?post=6150"}],"curies":[{"name":"wp","href":"https:\/\/api.w.org\/{rel}","templated":true}]}}