{"id":6153,"date":"2025-09-03T21:28:46","date_gmt":"2025-09-03T21:28:46","guid":{"rendered":"https:\/\/sysopweb.com.mx\/kffauto\/?post_type=product&#038;p=6153"},"modified":"2025-09-03T21:45:07","modified_gmt":"2025-09-03T21:45:07","slug":"kff-superpenetrante-lubricante-aflojatodo-multiusos-dielectrico","status":"publish","type":"product","link":"https:\/\/sysopweb.com.mx\/kffauto\/es\/producto\/kff-superpenetrante-lubricante-aflojatodo-multiusos-dielectrico\/","title":{"rendered":"KFF SUPERPENETRANTE LUBRICANTE AFLOJATODO MULTIUSOS DIEL\u00c9CTRICO"},"content":{"rendered":"<p>El Lubricante Aflojador Super Penetrante Multiusos Diel\u00e9ctrico es un producto de alto rendimiento contra la oxidaci\u00f3n y la corrosi\u00f3n. No solo lubrica, sino que tambi\u00e9n hidrata, penetra, desoxida, limpia y desoxida superficies met\u00e1licas. Prolonga la vida \u00fatil de maquinaria y herramientas, manteni\u00e9ndolas en \u00f3ptimas condiciones. Afloja piezas atascadas, elimina chirridos, lubrica y desplaza completamente la humedad.<\/p>\n<p style=\"font-weight: 900;\"><span style=\"color: #000000;\"><em><strong>PRESENTATIONS<\/strong><\/em><\/span><\/p>\n<div style=\"width: 100%; overflow-x: auto;\">\n<table style=\"border-collapse: collapse; width: 100%; min-width: 320px; font-family: HelveticaNeue, sans-serif;\">\n<thead style=\"background-color: #010680; color: white;\">\n<tr>\n<th style=\"padding: 8px 12px; text-align: left;\">No. De parte<\/th>\n<th style=\"padding: 8px 12px; text-align: left;\">Contenido<\/th>\n<\/tr>\n<\/thead>\n<tbody>\n<tr style=\"background-color: #ffffff;\">\n<td style=\"padding: 8px 12px;\">M-10011<\/td>\n<td style=\"padding: 8px 12px;\">320 ml<\/td>\n<\/tr>\n<\/tbody>\n<\/table>\n<\/div>\n","protected":false},"excerpt":{"rendered":"<p>El Lubricante Aflojador Super Penetrante Multiusos Diel\u00e9ctrico es un producto de alto rendimiento contra la oxidaci\u00f3n y la corrosi\u00f3n. No solo lubrica, sino que tambi\u00e9n hidrata, penetra, desoxida, limpia y desoxida superficies met\u00e1licas. Prolonga la vida \u00fatil de maquinaria y herramientas, manteni\u00e9ndolas en \u00f3ptimas condiciones. Afloja piezas atascadas, elimina chirridos, lubrica y desplaza completamente la humedad. PRESENTATIONS No. De parte Contenido M-10011 320 ml<\/p>\n","protected":false},"featured_media":4058,"comment_status":"open","ping_status":"closed","template":"","meta":{"_acf_changed":false,"_jet_sm_ready_style":"","_jet_sm_style":"","_jet_sm_controls_values":"","_jet_sm_fonts_collection":"","_jet_sm_fonts_links":""},"product_brand":[],"product_cat":[92],"product_tag":[],"class_list":{"0":"post-6153","1":"product","2":"type-product","3":"status-publish","4":"has-post-thumbnail","6":"product_cat-lubricantes","8":"first","9":"instock","10":"shipping-taxable","11":"product-type-simple"},"acf":[],"_links":{"self":[{"href":"https:\/\/sysopweb.com.mx\/kffauto\/wp-json\/wp\/v2\/product\/6153","targetHints":{"allow":["GET"]}}],"collection":[{"href":"https:\/\/sysopweb.com.mx\/kffauto\/wp-json\/wp\/v2\/product"}],"about":[{"href":"https:\/\/sysopweb.com.mx\/kffauto\/wp-json\/wp\/v2\/types\/product"}],"replies":[{"embeddable":true,"href":"https:\/\/sysopweb.com.mx\/kffauto\/wp-json\/wp\/v2\/comments?post=6153"}],"wp:featuredmedia":[{"embeddable":true,"href":"https:\/\/sysopweb.com.mx\/kffauto\/wp-json\/wp\/v2\/media\/4058"}],"wp:attachment":[{"href":"https:\/\/sysopweb.com.mx\/kffauto\/wp-json\/wp\/v2\/media?parent=6153"}],"wp:term":[{"taxonomy":"product_brand","embeddable":true,"href":"https:\/\/sysopweb.com.mx\/kffauto\/wp-json\/wp\/v2\/product_brand?post=6153"},{"taxonomy":"product_cat","embeddable":true,"href":"https:\/\/sysopweb.com.mx\/kffauto\/wp-json\/wp\/v2\/product_cat?post=6153"},{"taxonomy":"product_tag","embeddable":true,"href":"https:\/\/sysopweb.com.mx\/kffauto\/wp-json\/wp\/v2\/product_tag?post=6153"}],"curies":[{"name":"wp","href":"https:\/\/api.w.org\/{rel}","templated":true}]}}