{"id":6154,"date":"2025-09-03T21:46:14","date_gmt":"2025-09-03T21:46:14","guid":{"rendered":"https:\/\/sysopweb.com.mx\/kffauto\/?post_type=product&#038;p=6154"},"modified":"2025-09-03T21:53:54","modified_gmt":"2025-09-03T21:53:54","slug":"kff-tire-inflator-aerosol","status":"publish","type":"product","link":"https:\/\/sysopweb.com.mx\/kffauto\/es\/producto\/kff-tire-inflator-aerosol\/","title":{"rendered":"KFF TIRE INFLATOR AEROSOL"},"content":{"rendered":"<p>El Inflador de Neum\u00e1ticos KFF es un producto de emergencia dise\u00f1ado para inflar y sellar neum\u00e1ticos de forma r\u00e1pida y eficiente. Su f\u00f3rmula avanzada combina agentes selladores y aire comprimido, restaurando la presi\u00f3n de los neum\u00e1ticos y sellando temporalmente los pinchazos causados \u200b\u200bpor clavos, tornillos u otros objetos punzantes. Est\u00e1 especialmente formulado para brindar una soluci\u00f3n inmediata en carretera, permitiendo al usuario continuar su viaje de forma segura hasta llegar a un centro de servicio o taller de reparaci\u00f3n de neum\u00e1ticos donde se pueda realizar una reparaci\u00f3n permanente. No requiere desmontar los neum\u00e1ticos ni usar herramientas adicionales, lo que lo convierte en una opci\u00f3n pr\u00e1ctica y confiable en caso de un imprevisto.<\/p>\n<p style=\"font-weight: 900;\"><em><strong>PRESENTACIONES\u00a0 <\/strong><\/em><\/p>\n<div style=\"width: 100%; overflow-x: auto;\">\n<table style=\"border-collapse: collapse; width: 100%; min-width: 291px; font-family: HelveticaNeue, sans-serif;\">\n<thead style=\"background-color: #000000; color: white;\">\n<tr>\n<th style=\"padding: 8px 12px; text-align: left;\">No. De parte<\/th>\n<th style=\"padding: 8px 12px; text-align: left;\">Contenido<\/th>\n<\/tr>\n<\/thead>\n<tbody>\n<tr style=\"background-color: #ffffff;\">\n<td style=\"padding: 8px 12px;\">M-10034<\/td>\n<td style=\"padding: 8px 12px;\">400 ml<\/td>\n<\/tr>\n<\/tbody>\n<\/table>\n<\/div>\n","protected":false},"excerpt":{"rendered":"<p>El Inflador de Neum\u00e1ticos KFF es un producto de emergencia dise\u00f1ado para inflar y sellar neum\u00e1ticos de forma r\u00e1pida y eficiente. Su f\u00f3rmula avanzada combina agentes selladores y aire comprimido, restaurando la presi\u00f3n de los neum\u00e1ticos y sellando temporalmente los pinchazos causados \u200b\u200bpor clavos, tornillos u otros objetos punzantes. Est\u00e1 especialmente formulado para brindar una soluci\u00f3n inmediata en carretera, permitiendo al usuario continuar su viaje de forma segura hasta llegar a un centro de servicio o taller de reparaci\u00f3n de neum\u00e1ticos donde se pueda realizar una reparaci\u00f3n permanente. No requiere desmontar los neum\u00e1ticos ni usar herramientas adicionales, lo que lo convierte en una opci\u00f3n pr\u00e1ctica y confiable en caso de un imprevisto. PRESENTACIONES\u00a0 No. De parte Contenido M-10034 400 ml<\/p>\n","protected":false},"featured_media":4043,"comment_status":"open","ping_status":"closed","template":"","meta":{"_acf_changed":false,"_jet_sm_ready_style":"","_jet_sm_style":"","_jet_sm_controls_values":"","_jet_sm_fonts_collection":"","_jet_sm_fonts_links":""},"product_brand":[],"product_cat":[32,118],"product_tag":[],"class_list":{"0":"post-6154","1":"product","2":"type-product","3":"status-publish","4":"has-post-thumbnail","6":"product_cat-selladores-es","7":"product_cat-sin-categorizar-en-es","9":"first","10":"instock","11":"shipping-taxable","12":"product-type-simple"},"acf":[],"_links":{"self":[{"href":"https:\/\/sysopweb.com.mx\/kffauto\/wp-json\/wp\/v2\/product\/6154","targetHints":{"allow":["GET"]}}],"collection":[{"href":"https:\/\/sysopweb.com.mx\/kffauto\/wp-json\/wp\/v2\/product"}],"about":[{"href":"https:\/\/sysopweb.com.mx\/kffauto\/wp-json\/wp\/v2\/types\/product"}],"replies":[{"embeddable":true,"href":"https:\/\/sysopweb.com.mx\/kffauto\/wp-json\/wp\/v2\/comments?post=6154"}],"wp:featuredmedia":[{"embeddable":true,"href":"https:\/\/sysopweb.com.mx\/kffauto\/wp-json\/wp\/v2\/media\/4043"}],"wp:attachment":[{"href":"https:\/\/sysopweb.com.mx\/kffauto\/wp-json\/wp\/v2\/media?parent=6154"}],"wp:term":[{"taxonomy":"product_brand","embeddable":true,"href":"https:\/\/sysopweb.com.mx\/kffauto\/wp-json\/wp\/v2\/product_brand?post=6154"},{"taxonomy":"product_cat","embeddable":true,"href":"https:\/\/sysopweb.com.mx\/kffauto\/wp-json\/wp\/v2\/product_cat?post=6154"},{"taxonomy":"product_tag","embeddable":true,"href":"https:\/\/sysopweb.com.mx\/kffauto\/wp-json\/wp\/v2\/product_tag?post=6154"}],"curies":[{"name":"wp","href":"https:\/\/api.w.org\/{rel}","templated":true}]}}