{"id":6156,"date":"2025-09-03T22:01:29","date_gmt":"2025-09-03T22:01:29","guid":{"rendered":"https:\/\/sysopweb.com.mx\/kffauto\/?post_type=product&#038;p=6156"},"modified":"2025-09-23T20:24:12","modified_gmt":"2025-09-23T20:24:12","slug":"kff-epoxy-adhesive-w-steel-5-min-2","status":"publish","type":"product","link":"https:\/\/sysopweb.com.mx\/kffauto\/es\/producto\/kff-epoxy-adhesive-w-steel-5-min-2\/","title":{"rendered":"KFF EPOXY ADHESIVE W\/STEEL 5 MIN"},"content":{"rendered":"<p>ADHESIVO EPOXI CON ACERO es un adhesivo ep\u00f3xico negro de dos componentes, de secado r\u00e1pido y con carga de acero. Su f\u00f3rmula premium est\u00e1 dise\u00f1ada para proporcionar uniones duraderas en m\u00faltiples superficies y materiales. Su excelente composici\u00f3n permite lijarlo, taladrarlo, pintarlo y troquelarlo. Tiene un tiempo de trabajo de 5 minutos y un tiempo de curado de 10 minutos, y seca completamente en 24 horas con una adhesi\u00f3n fuerte. Presenta una excelente resistencia a la mayor\u00eda de los fluidos presentes en un taller, incluyendo aceites, solventes, agua, combustibles, entre otros. Pega y repara acero, bronce, hierro, cobre, plomo, concreto, cer\u00e1mica, pl\u00e1sticos r\u00edgidos, vidrio y m\u00e1s.<\/p>\n<p><em><strong>PRESENTACIONES\u00a0<\/strong><\/em><\/p>\n<div style=\"width: 100%; overflow-x: auto;\">\n<table style=\"border-collapse: collapse; width: 100%; min-width: 291px; font-family: HelveticaNeue, sans-serif;\">\n<thead style=\"background-color: #000000; color: white;\">\n<tr>\n<th style=\"padding: 8px 12px; text-align: left;\">No. De parte<\/th>\n<th style=\"padding: 8px 12px; text-align: left;\">Contenido<\/th>\n<\/tr>\n<\/thead>\n<tbody>\n<tr style=\"background-color: #ffffff;\">\n<td style=\"padding: 8px 12px;\">M-10094<\/td>\n<td style=\"padding: 8px 12px;\">25 ml<\/td>\n<\/tr>\n<\/tbody>\n<\/table>\n<\/div>\n","protected":false},"excerpt":{"rendered":"<p>ADHESIVO EPOXI CON ACERO es un adhesivo ep\u00f3xico negro de dos componentes, de secado r\u00e1pido y con carga de acero. Su f\u00f3rmula premium est\u00e1 dise\u00f1ada para proporcionar uniones duraderas en m\u00faltiples superficies y materiales. Su excelente composici\u00f3n permite lijarlo, taladrarlo, pintarlo y troquelarlo. Tiene un tiempo de trabajo de 5 minutos y un tiempo de curado de 10 minutos, y seca completamente en 24 horas con una adhesi\u00f3n fuerte. Presenta una excelente resistencia a la mayor\u00eda de los fluidos presentes en un taller, incluyendo aceites, solventes, agua, combustibles, entre otros. Pega y repara acero, bronce, hierro, cobre, plomo, concreto, cer\u00e1mica, pl\u00e1sticos r\u00edgidos, vidrio y m\u00e1s. PRESENTACIONES\u00a0 No. De parte Contenido M-10094 25 ml<\/p>\n","protected":false},"featured_media":6344,"comment_status":"open","ping_status":"closed","template":"","meta":{"_acf_changed":false,"_jet_sm_ready_style":"","_jet_sm_style":"","_jet_sm_controls_values":"","_jet_sm_fonts_collection":"","_jet_sm_fonts_links":""},"product_brand":[],"product_cat":[102],"product_tag":[],"class_list":{"0":"post-6156","1":"product","2":"type-product","3":"status-publish","4":"has-post-thumbnail","6":"product_cat-epoxicos","8":"first","9":"instock","10":"shipping-taxable","11":"product-type-simple"},"acf":[],"_links":{"self":[{"href":"https:\/\/sysopweb.com.mx\/kffauto\/wp-json\/wp\/v2\/product\/6156","targetHints":{"allow":["GET"]}}],"collection":[{"href":"https:\/\/sysopweb.com.mx\/kffauto\/wp-json\/wp\/v2\/product"}],"about":[{"href":"https:\/\/sysopweb.com.mx\/kffauto\/wp-json\/wp\/v2\/types\/product"}],"replies":[{"embeddable":true,"href":"https:\/\/sysopweb.com.mx\/kffauto\/wp-json\/wp\/v2\/comments?post=6156"}],"wp:featuredmedia":[{"embeddable":true,"href":"https:\/\/sysopweb.com.mx\/kffauto\/wp-json\/wp\/v2\/media\/6344"}],"wp:attachment":[{"href":"https:\/\/sysopweb.com.mx\/kffauto\/wp-json\/wp\/v2\/media?parent=6156"}],"wp:term":[{"taxonomy":"product_brand","embeddable":true,"href":"https:\/\/sysopweb.com.mx\/kffauto\/wp-json\/wp\/v2\/product_brand?post=6156"},{"taxonomy":"product_cat","embeddable":true,"href":"https:\/\/sysopweb.com.mx\/kffauto\/wp-json\/wp\/v2\/product_cat?post=6156"},{"taxonomy":"product_tag","embeddable":true,"href":"https:\/\/sysopweb.com.mx\/kffauto\/wp-json\/wp\/v2\/product_tag?post=6156"}],"curies":[{"name":"wp","href":"https:\/\/api.w.org\/{rel}","templated":true}]}}